{"id":8282,"date":"2020-04-14T03:46:04","date_gmt":"2020-04-14T03:46:04","guid":{"rendered":"https:\/\/wordpress.dlm-ag.ch\/?page_id=8282"},"modified":"2026-03-25T18:28:26","modified_gmt":"2026-03-25T16:28:26","slug":"current-trips","status":"publish","type":"page","link":"https:\/\/dlm-ag.ch\/en\/current-trips\/","title":{"rendered":"Current trips"},"content":{"rendered":"<h3>\n\t\t\tVorank\u00fcndigung n\u00e4chste Eins\u00e4tze unserer Dampflokomotive 52 8055\t<\/h3>\n\n<figure itemscope itemtype=\"https:\/\/schema.org\/ImageObject\">\n\t\t\t\t<img decoding=\"async\" src=\"https:\/\/dlm-ag.ch\/wp-content\/uploads\/2025\/10\/52-8055-DLM_2025-10-19_Hemishoferbruecke_Foto-Cedric-Muehlemann-scaled.jpeg\" alt=\"52 8055 der DLM AG am 19.10.2025 auf der Hemishoferbr\u00fccke, Foto Cedric M\u00fchlemann\" height=\"1706\" width=\"2560\" title=\"52 8055 DLM_2025-10-19_Hemishoferbr\u00fccke_Foto Cedric M\u00fchlemann\" onerror=\"this.style.display='none'\" loading=\"lazy\" \/>\n\t\t<figcaption>52 8055 der DLM AG am 19.10.2025 auf der Hemishoferbr\u00fccke, Foto Cedric M\u00fchlemann<\/figcaption>\n\t<\/figure>\n\t\t\t<a href=\"https:\/\/dlm-ag.ch\/wp-content\/uploads\/2026\/03\/Extrafahrt-BR52-8055-19.Juli_.pdf\"  target=\"_blank\" rel=\"noopener\">\n\t\t\t\t\t\t\t19. Juli 2026, Rundfahrt ab Schaffhausen, Programm \n\t\t\t\t\t<\/a>\n\t<p><strong>N\u00e4chste Einsatze in Planung, Informationen folgen:<\/strong><\/p>\n<p>18. Oktober 2026, drei Pendelfahrten auf der Strecke Etzwilen\u00a0 &#8211; Singen<\/p>","protected":false},"excerpt":{"rendered":"<p>Vorank\u00fcndigung n\u00e4chste Eins\u00e4tze unserer Dampflokomotive 52 8055 52 8055 der DLM AG am 19.10.2025 auf der Hemishoferbr\u00fccke, Foto Cedric M\u00fchlemann 19. Juli 2026, Rundfahrt ab Schaffhausen, Programm N\u00e4chste Einsatze in Planung, Informationen folgen: 18. Oktober 2026, drei Pendelfahrten auf der Strecke Etzwilen\u00a0 &#8211; Singen<\/p>","protected":false},"author":3,"featured_media":0,"parent":0,"menu_order":0,"comment_status":"closed","ping_status":"closed","template":"","meta":{"footnotes":""},"class_list":["post-8282","page","type-page","status-publish","hentry"],"yoast_head":"<!-- This site is optimized with the Yoast SEO plugin v27.3 - https:\/\/yoast.com\/product\/yoast-seo-wordpress\/ -->\n<title>Current trips - DLM - MODERN STEAM<\/title>\n<meta name=\"robots\" content=\"index, follow, max-snippet:-1, max-image-preview:large, max-video-preview:-1\" \/>\n<link rel=\"canonical\" href=\"https:\/\/dlm-ag.ch\/en\/current-trips\/\" \/>\n<meta property=\"og:locale\" content=\"en_GB\" \/>\n<meta property=\"og:type\" content=\"article\" \/>\n<meta property=\"og:title\" content=\"Current trips - DLM - MODERN STEAM\" \/>\n<meta property=\"og:description\" content=\"Vorank\u00fcndigung n\u00e4chste Eins\u00e4tze unserer Dampflokomotive 52 8055 52 8055 der DLM AG am 19.10.2025 auf der Hemishoferbr\u00fccke, Foto Cedric M\u00fchlemann 19. Juli 2026, Rundfahrt ab Schaffhausen, Programm N\u00e4chste Einsatze in Planung, Informationen folgen: 18. Oktober 2026, drei Pendelfahrten auf der Strecke Etzwilen\u00a0 &#8211; Singen\" \/>\n<meta property=\"og:url\" content=\"https:\/\/dlm-ag.ch\/en\/current-trips\/\" \/>\n<meta property=\"og:site_name\" content=\"DLM - MODERN STEAM\" \/>\n<meta property=\"article:modified_time\" content=\"2026-03-25T16:28:26+00:00\" \/>\n<meta property=\"og:image\" content=\"https:\/\/dlm-ag.ch\/wp-content\/uploads\/2025\/10\/52-8055-DLM_2025-10-19_Hemishoferbruecke_Foto-Cedric-Muehlemann-scaled.jpeg\" \/>\n<meta name=\"twitter:card\" content=\"summary_large_image\" \/>\n<meta name=\"twitter:label1\" content=\"Estimated reading time\" \/>\n\t<meta name=\"twitter:data1\" content=\"1 minute\" \/>\n<script type=\"application\/ld+json\" class=\"yoast-schema-graph\">{\"@context\":\"https:\\\/\\\/schema.org\",\"@graph\":[{\"@type\":\"WebPage\",\"@id\":\"https:\\\/\\\/dlm-ag.ch\\\/current-trips\\\/\",\"url\":\"https:\\\/\\\/dlm-ag.ch\\\/current-trips\\\/\",\"name\":\"Current trips - DLM - MODERN STEAM\",\"isPartOf\":{\"@id\":\"https:\\\/\\\/dlm-ag.ch\\\/#website\"},\"primaryImageOfPage\":{\"@id\":\"https:\\\/\\\/dlm-ag.ch\\\/current-trips\\\/#primaryimage\"},\"image\":{\"@id\":\"https:\\\/\\\/dlm-ag.ch\\\/current-trips\\\/#primaryimage\"},\"thumbnailUrl\":\"https:\\\/\\\/dlm-ag.ch\\\/wp-content\\\/uploads\\\/2025\\\/10\\\/52-8055-DLM_2025-10-19_Hemishoferbruecke_Foto-Cedric-Muehlemann-scaled.jpeg\",\"datePublished\":\"2020-04-14T03:46:04+00:00\",\"dateModified\":\"2026-03-25T16:28:26+00:00\",\"breadcrumb\":{\"@id\":\"https:\\\/\\\/dlm-ag.ch\\\/current-trips\\\/#breadcrumb\"},\"inLanguage\":\"en-GB\",\"potentialAction\":[{\"@type\":\"ReadAction\",\"target\":[\"https:\\\/\\\/dlm-ag.ch\\\/current-trips\\\/\"]}]},{\"@type\":\"ImageObject\",\"inLanguage\":\"en-GB\",\"@id\":\"https:\\\/\\\/dlm-ag.ch\\\/current-trips\\\/#primaryimage\",\"url\":\"https:\\\/\\\/dlm-ag.ch\\\/wp-content\\\/uploads\\\/2025\\\/10\\\/52-8055-DLM_2025-10-19_Hemishoferbruecke_Foto-Cedric-Muehlemann-scaled.jpeg\",\"contentUrl\":\"https:\\\/\\\/dlm-ag.ch\\\/wp-content\\\/uploads\\\/2025\\\/10\\\/52-8055-DLM_2025-10-19_Hemishoferbruecke_Foto-Cedric-Muehlemann-scaled.jpeg\"},{\"@type\":\"BreadcrumbList\",\"@id\":\"https:\\\/\\\/dlm-ag.ch\\\/current-trips\\\/#breadcrumb\",\"itemListElement\":[{\"@type\":\"ListItem\",\"position\":1,\"name\":\"Home\",\"item\":\"https:\\\/\\\/dlm-ag.ch\\\/\"},{\"@type\":\"ListItem\",\"position\":2,\"name\":\"Current trips\"}]},{\"@type\":\"WebSite\",\"@id\":\"https:\\\/\\\/dlm-ag.ch\\\/#website\",\"url\":\"https:\\\/\\\/dlm-ag.ch\\\/\",\"name\":\"DLM - MODERN STEAM\",\"description\":\"AN ECONOMIC AND ENVIRONMENTAL ALTERNATIVE TO DIESEL TRACTION\",\"publisher\":{\"@id\":\"https:\\\/\\\/dlm-ag.ch\\\/#organization\"},\"potentialAction\":[{\"@type\":\"SearchAction\",\"target\":{\"@type\":\"EntryPoint\",\"urlTemplate\":\"https:\\\/\\\/dlm-ag.ch\\\/?s={search_term_string}\"},\"query-input\":{\"@type\":\"PropertyValueSpecification\",\"valueRequired\":true,\"valueName\":\"search_term_string\"}}],\"inLanguage\":\"en-GB\"},{\"@type\":\"Organization\",\"@id\":\"https:\\\/\\\/dlm-ag.ch\\\/#organization\",\"name\":\"DLM AG\",\"url\":\"https:\\\/\\\/dlm-ag.ch\\\/\",\"logo\":{\"@type\":\"ImageObject\",\"inLanguage\":\"en-GB\",\"@id\":\"https:\\\/\\\/dlm-ag.ch\\\/#\\\/schema\\\/logo\\\/image\\\/\",\"url\":\"https:\\\/\\\/dlm-ag.ch\\\/wp-content\\\/uploads\\\/2020\\\/03\\\/DLM_ID_V3_Logo_Landscape_Light_800.png\",\"contentUrl\":\"https:\\\/\\\/dlm-ag.ch\\\/wp-content\\\/uploads\\\/2020\\\/03\\\/DLM_ID_V3_Logo_Landscape_Light_800.png\",\"width\":800,\"height\":241,\"caption\":\"DLM AG\"},\"image\":{\"@id\":\"https:\\\/\\\/dlm-ag.ch\\\/#\\\/schema\\\/logo\\\/image\\\/\"},\"sameAs\":[\"https:\\\/\\\/de.wikipedia.org\\\/wiki\\\/Dampflokomotiv-_und_Maschinenfabrik_DLM\"]}]}<\/script>\n<!-- \/ Yoast SEO plugin. -->","yoast_head_json":{"title":"Current trips - DLM - MODERN STEAM","robots":{"index":"index","follow":"follow","max-snippet":"max-snippet:-1","max-image-preview":"max-image-preview:large","max-video-preview":"max-video-preview:-1"},"canonical":"https:\/\/dlm-ag.ch\/en\/current-trips\/","og_locale":"en_GB","og_type":"article","og_title":"Current trips - DLM - MODERN STEAM","og_description":"Vorank\u00fcndigung n\u00e4chste Eins\u00e4tze unserer Dampflokomotive 52 8055 52 8055 der DLM AG am 19.10.2025 auf der Hemishoferbr\u00fccke, Foto Cedric M\u00fchlemann 19. Juli 2026, Rundfahrt ab Schaffhausen, Programm N\u00e4chste Einsatze in Planung, Informationen folgen: 18. Oktober 2026, drei Pendelfahrten auf der Strecke Etzwilen\u00a0 &#8211; Singen","og_url":"https:\/\/dlm-ag.ch\/en\/current-trips\/","og_site_name":"DLM - MODERN STEAM","article_modified_time":"2026-03-25T16:28:26+00:00","og_image":[{"url":"https:\/\/dlm-ag.ch\/wp-content\/uploads\/2025\/10\/52-8055-DLM_2025-10-19_Hemishoferbruecke_Foto-Cedric-Muehlemann-scaled.jpeg","type":"","width":"","height":""}],"twitter_card":"summary_large_image","twitter_misc":{"Estimated reading time":"1 minute"},"schema":{"@context":"https:\/\/schema.org","@graph":[{"@type":"WebPage","@id":"https:\/\/dlm-ag.ch\/current-trips\/","url":"https:\/\/dlm-ag.ch\/current-trips\/","name":"Current trips - DLM - MODERN STEAM","isPartOf":{"@id":"https:\/\/dlm-ag.ch\/#website"},"primaryImageOfPage":{"@id":"https:\/\/dlm-ag.ch\/current-trips\/#primaryimage"},"image":{"@id":"https:\/\/dlm-ag.ch\/current-trips\/#primaryimage"},"thumbnailUrl":"https:\/\/dlm-ag.ch\/wp-content\/uploads\/2025\/10\/52-8055-DLM_2025-10-19_Hemishoferbruecke_Foto-Cedric-Muehlemann-scaled.jpeg","datePublished":"2020-04-14T03:46:04+00:00","dateModified":"2026-03-25T16:28:26+00:00","breadcrumb":{"@id":"https:\/\/dlm-ag.ch\/current-trips\/#breadcrumb"},"inLanguage":"en-GB","potentialAction":[{"@type":"ReadAction","target":["https:\/\/dlm-ag.ch\/current-trips\/"]}]},{"@type":"ImageObject","inLanguage":"en-GB","@id":"https:\/\/dlm-ag.ch\/current-trips\/#primaryimage","url":"https:\/\/dlm-ag.ch\/wp-content\/uploads\/2025\/10\/52-8055-DLM_2025-10-19_Hemishoferbruecke_Foto-Cedric-Muehlemann-scaled.jpeg","contentUrl":"https:\/\/dlm-ag.ch\/wp-content\/uploads\/2025\/10\/52-8055-DLM_2025-10-19_Hemishoferbruecke_Foto-Cedric-Muehlemann-scaled.jpeg"},{"@type":"BreadcrumbList","@id":"https:\/\/dlm-ag.ch\/current-trips\/#breadcrumb","itemListElement":[{"@type":"ListItem","position":1,"name":"Home","item":"https:\/\/dlm-ag.ch\/"},{"@type":"ListItem","position":2,"name":"Current trips"}]},{"@type":"WebSite","@id":"https:\/\/dlm-ag.ch\/#website","url":"https:\/\/dlm-ag.ch\/","name":"DLM - MODERN STEAM","description":"AN ECONOMIC AND ENVIRONMENTAL ALTERNATIVE TO DIESEL TRACTION","publisher":{"@id":"https:\/\/dlm-ag.ch\/#organization"},"potentialAction":[{"@type":"SearchAction","target":{"@type":"EntryPoint","urlTemplate":"https:\/\/dlm-ag.ch\/?s={search_term_string}"},"query-input":{"@type":"PropertyValueSpecification","valueRequired":true,"valueName":"search_term_string"}}],"inLanguage":"en-GB"},{"@type":"Organization","@id":"https:\/\/dlm-ag.ch\/#organization","name":"DLM AG","url":"https:\/\/dlm-ag.ch\/","logo":{"@type":"ImageObject","inLanguage":"en-GB","@id":"https:\/\/dlm-ag.ch\/#\/schema\/logo\/image\/","url":"https:\/\/dlm-ag.ch\/wp-content\/uploads\/2020\/03\/DLM_ID_V3_Logo_Landscape_Light_800.png","contentUrl":"https:\/\/dlm-ag.ch\/wp-content\/uploads\/2020\/03\/DLM_ID_V3_Logo_Landscape_Light_800.png","width":800,"height":241,"caption":"DLM AG"},"image":{"@id":"https:\/\/dlm-ag.ch\/#\/schema\/logo\/image\/"},"sameAs":["https:\/\/de.wikipedia.org\/wiki\/Dampflokomotiv-_und_Maschinenfabrik_DLM"]}]}},"_links":{"self":[{"href":"https:\/\/dlm-ag.ch\/en\/wp-json\/wp\/v2\/pages\/8282","targetHints":{"allow":["GET"]}}],"collection":[{"href":"https:\/\/dlm-ag.ch\/en\/wp-json\/wp\/v2\/pages"}],"about":[{"href":"https:\/\/dlm-ag.ch\/en\/wp-json\/wp\/v2\/types\/page"}],"author":[{"embeddable":true,"href":"https:\/\/dlm-ag.ch\/en\/wp-json\/wp\/v2\/users\/3"}],"replies":[{"embeddable":true,"href":"https:\/\/dlm-ag.ch\/en\/wp-json\/wp\/v2\/comments?post=8282"}],"version-history":[{"count":37,"href":"https:\/\/dlm-ag.ch\/en\/wp-json\/wp\/v2\/pages\/8282\/revisions"}],"predecessor-version":[{"id":10283,"href":"https:\/\/dlm-ag.ch\/en\/wp-json\/wp\/v2\/pages\/8282\/revisions\/10283"}],"wp:attachment":[{"href":"https:\/\/dlm-ag.ch\/en\/wp-json\/wp\/v2\/media?parent=8282"}],"curies":[{"name":"wp","href":"https:\/\/api.w.org\/{rel}","templated":true}]}}