{"id":8276,"date":"2020-04-14T03:43:39","date_gmt":"2020-04-14T03:43:39","guid":{"rendered":"https:\/\/wordpress.dlm-ag.ch\/?page_id=8276"},"modified":"2020-08-21T04:50:25","modified_gmt":"2020-08-21T02:50:25","slug":"steam-locomotives","status":"publish","type":"page","link":"https:\/\/dlm-ag.ch\/en\/steam-locomotives\/","title":{"rendered":"Steam locomotives"},"content":{"rendered":"<h2>\n\t\tsteam locomotives\n\t<\/h2>\n<h2>\n\t\tSTEAM LOCOMOTIVES FOR STANDARD GAUGE RAILWAYS\n\t<\/h2>\n\t\t\t\t<img loading=\"lazy\" decoding=\"async\" src=\"http:\/\/dlm-ag.ch\/wp-content\/uploads\/2020\/05\/2D2_Zyl_sw-1-scaled.jpg\" alt=\"2D2_Zyl_sw\" itemprop=\"image\" height=\"799\" width=\"2560\" title=\"2D2_Zyl_sw\" onerror=\"this.style.display='none'\"  \/>\n\t<p>Entwurf einer modernen Neubau-Dampflokomotive des Typs 2&#8217;D2&#8242; h2t<\/p>\n\t\t\t<a href=\"http:\/\/dlm-ag.ch\/wp-content\/uploads\/2020\/08\/2D2_oliv_zyl_sw.pdf\" target=\"_blank\" role=\"button\" rel=\"noopener noreferrer\">\n\t\t\t\t\t\tTypenskizze 2&#8217;d2&#8217;h2t\n\t\t\t\t\t<\/a>\n<h2>\n\t\tSTEAM LOCOMOTIVES FOR NARROW GAUGE RAILWAYS\n\t<\/h2>\n\t\t\t\t<img loading=\"lazy\" decoding=\"async\" src=\"http:\/\/dlm-ag.ch\/wp-content\/uploads\/2020\/05\/Bochum-1.jpg\" alt=\"Bochum\" itemprop=\"image\" height=\"600\" width=\"1384\" title=\"Bochum\" onerror=\"this.style.display='none'\"  \/>\n\t<p>Narrow gauge tank steam locomotive 0-4-0 T<\/p>\n\t\t\t\t<img loading=\"lazy\" decoding=\"async\" src=\"http:\/\/dlm-ag.ch\/wp-content\/uploads\/2020\/05\/darjeeling.jpg\" alt=\"darjeeling\" itemprop=\"image\" height=\"244\" width=\"510\" title=\"darjeeling\" onerror=\"this.style.display='none'\"  \/>\n\t<p>Schmalspur-Heissdampf-Tenderlokomotive (Bh2t) im Aussehen der &#8222;B&#8220;-Klasse der indischen Darjeeling-Bahn nachempfunden.<\/p>\n\t\t\t\t<img loading=\"lazy\" decoding=\"async\" src=\"http:\/\/dlm-ag.ch\/wp-content\/uploads\/2020\/05\/1d1_schwarz-1.jpg\" alt=\"1d1_schwarz\" itemprop=\"image\" height=\"758\" width=\"2449\" title=\"1d1_schwarz\" onerror=\"this.style.display='none'\"  \/>\n\t<p>Dampflokomotive G 4\/6 (1&#8217;D1&#8217;h2t)<\/p>\n\t\t\t\t<img loading=\"lazy\" decoding=\"async\" src=\"http:\/\/dlm-ag.ch\/wp-content\/uploads\/2020\/05\/1d1_gru\u0308n-Rahmen_schwarz.jpg\" alt=\"1d1_gru\u0308n-Rahmen_schwarz\" itemprop=\"image\" height=\"758\" width=\"2449\" title=\"1d1_gru\u0308n-Rahmen_schwarz\" onerror=\"this.style.display='none'\"  \/>\n\t<p>Dampflokomotive G 4\/6 (1&#8217;D1&#8217;h2t) gr\u00fcn<\/p>\n<h2>\n\t\tSTEAM LOCOMOTIVES FOR RACK- AND ADHESION RAILWAYS\n\t<\/h2>\n\t\t\t\t<img loading=\"lazy\" decoding=\"async\" src=\"http:\/\/dlm-ag.ch\/wp-content\/uploads\/2020\/05\/nilgiri-original-1.jpg\" alt=\"nilgiri-original\" itemprop=\"image\" height=\"789\" width=\"2309\" title=\"nilgiri-original\" onerror=\"this.style.display='none'\"  \/>\n\t<p>Rack - and adhesion steam locomotive HG 4\/5<\/p>\n<h2>\n\t\tSTEAM LOCOMOTIVES FOR RACK RAILWAYS\n\t<\/h2>\n\t\t\t\t<img loading=\"lazy\" decoding=\"async\" src=\"http:\/\/dlm-ag.ch\/wp-content\/uploads\/2020\/05\/h2-3BRB-1.jpg\" alt=\"h2-3BRB\" itemprop=\"image\" height=\"837\" width=\"1418\" title=\"h2-3BRB\" onerror=\"this.style.display='none'\"  \/>\n\t<p>Rack steam locomotive H 2\/3<\/p>\n\t\t\t\t<img loading=\"lazy\" decoding=\"async\" src=\"http:\/\/dlm-ag.ch\/wp-content\/uploads\/2020\/05\/H2_3_Monte-Generoso-1.jpg\" alt=\"H2_3_Monte Generoso\" itemprop=\"image\" height=\"837\" width=\"1418\" title=\"H2_3_Monte Generoso\" onerror=\"this.style.display='none'\"  \/>\nZahnstangenlokomotive H 2\/3 &#8211; Monte Generoso\n<h2>\n\t\tRack STEAM RAILCAR FOR the Swiss Pilatus RAILWAY\n\t<\/h2>\n\t\t\t\t<img loading=\"lazy\" decoding=\"async\" src=\"http:\/\/dlm-ag.ch\/wp-content\/uploads\/2020\/05\/Pilatus-1-1024x730.jpg\" alt=\"Pilatus-1\" itemprop=\"image\" height=\"730\" width=\"1024\" title=\"Pilatus-1\" onerror=\"this.style.display='none'\"  \/>\n\t<p>Steam Rack Railcar<\/p>","protected":false},"excerpt":{"rendered":"<p>DAMPFLOkOMOTIVEn Dampflokomotiven f\u00fcr Normalspurbahnen Entwurf einer modernen Neubau-Dampflokomotive des Typs 2&#8217;D2&#8242; h2t Typenskizze 2&#8217;d2&#8217;h2t Dampflokomotiven f\u00fcr Schmalspurbahnen Schmalspur-Heissdampf-Tenderlokomotive Bh2t Schmalspur-Heissdampf-Tenderlokomotive (Bh2t) im Aussehen der &#8222;B&#8220;-Klasse der indischen Darjeeling-Bahn nachempfunden. Dampflokomotive G 4\/6 (1&#8217;D1&#8217;h2t) Dampflokomotive G 4\/6 (1&#8217;D1&#8217;h2t) gr\u00fcn Dampflokomotiven f\u00fcr gemischte Zahnrad- und Adh\u00e4sionsbahnen Zahnrad- und Adh\u00e4sionsdampflokomotive HG 4\/5 Dampflokomotiven f\u00fcr reine Zahnradbahnen Moderne Zahnrad-Dampflokomotive&hellip;<\/p>","protected":false},"author":3,"featured_media":0,"parent":0,"menu_order":0,"comment_status":"closed","ping_status":"closed","template":"","meta":{"footnotes":""},"class_list":["post-8276","page","type-page","status-publish","hentry"],"yoast_head":"<!-- This site is optimized with the Yoast SEO plugin v27.6 - https:\/\/yoast.com\/product\/yoast-seo-wordpress\/ -->\n<title>Steam locomotives - DLM - MODERN STEAM<\/title>\n<meta name=\"robots\" content=\"index, follow, max-snippet:-1, max-image-preview:large, max-video-preview:-1\" \/>\n<link rel=\"canonical\" href=\"https:\/\/dlm-ag.ch\/en\/steam-locomotives\/\" \/>\n<meta property=\"og:locale\" content=\"en_GB\" \/>\n<meta property=\"og:type\" content=\"article\" \/>\n<meta property=\"og:title\" content=\"Steam locomotives - DLM - MODERN STEAM\" \/>\n<meta property=\"og:description\" content=\"DAMPFLOkOMOTIVEn Dampflokomotiven f\u00fcr Normalspurbahnen Entwurf einer modernen Neubau-Dampflokomotive des Typs 2&#8217;D2&#8242; h2t Typenskizze 2&#8217;d2&#8217;h2t Dampflokomotiven f\u00fcr Schmalspurbahnen Schmalspur-Heissdampf-Tenderlokomotive Bh2t Schmalspur-Heissdampf-Tenderlokomotive (Bh2t) im Aussehen der &#8222;B&#8220;-Klasse der indischen Darjeeling-Bahn nachempfunden. Dampflokomotive G 4\/6 (1&#8217;D1&#8217;h2t) Dampflokomotive G 4\/6 (1&#8217;D1&#8217;h2t) gr\u00fcn Dampflokomotiven f\u00fcr gemischte Zahnrad- und Adh\u00e4sionsbahnen Zahnrad- und Adh\u00e4sionsdampflokomotive HG 4\/5 Dampflokomotiven f\u00fcr reine Zahnradbahnen Moderne Zahnrad-Dampflokomotive&hellip;\" \/>\n<meta property=\"og:url\" content=\"https:\/\/dlm-ag.ch\/en\/steam-locomotives\/\" \/>\n<meta property=\"og:site_name\" content=\"DLM - MODERN STEAM\" \/>\n<meta property=\"article:modified_time\" content=\"2020-08-21T02:50:25+00:00\" \/>\n<meta property=\"og:image\" content=\"http:\/\/dlm-ag.ch\/wp-content\/uploads\/2020\/05\/2D2_Zyl_sw-1-scaled.jpg\" \/>\n<meta name=\"twitter:card\" content=\"summary_large_image\" \/>\n<script type=\"application\/ld+json\" class=\"yoast-schema-graph\">{\"@context\":\"https:\\\/\\\/schema.org\",\"@graph\":[{\"@type\":\"WebPage\",\"@id\":\"https:\\\/\\\/dlm-ag.ch\\\/steam-locomotives\\\/\",\"url\":\"https:\\\/\\\/dlm-ag.ch\\\/steam-locomotives\\\/\",\"name\":\"Steam locomotives - DLM - MODERN STEAM\",\"isPartOf\":{\"@id\":\"https:\\\/\\\/dlm-ag.ch\\\/#website\"},\"primaryImageOfPage\":{\"@id\":\"https:\\\/\\\/dlm-ag.ch\\\/steam-locomotives\\\/#primaryimage\"},\"image\":{\"@id\":\"https:\\\/\\\/dlm-ag.ch\\\/steam-locomotives\\\/#primaryimage\"},\"thumbnailUrl\":\"http:\\\/\\\/dlm-ag.ch\\\/wp-content\\\/uploads\\\/2020\\\/05\\\/2D2_Zyl_sw-1-scaled.jpg\",\"datePublished\":\"2020-04-14T03:43:39+00:00\",\"dateModified\":\"2020-08-21T02:50:25+00:00\",\"breadcrumb\":{\"@id\":\"https:\\\/\\\/dlm-ag.ch\\\/steam-locomotives\\\/#breadcrumb\"},\"inLanguage\":\"en-GB\",\"potentialAction\":[{\"@type\":\"ReadAction\",\"target\":[\"https:\\\/\\\/dlm-ag.ch\\\/steam-locomotives\\\/\"]}]},{\"@type\":\"ImageObject\",\"inLanguage\":\"en-GB\",\"@id\":\"https:\\\/\\\/dlm-ag.ch\\\/steam-locomotives\\\/#primaryimage\",\"url\":\"http:\\\/\\\/dlm-ag.ch\\\/wp-content\\\/uploads\\\/2020\\\/05\\\/2D2_Zyl_sw-1-scaled.jpg\",\"contentUrl\":\"http:\\\/\\\/dlm-ag.ch\\\/wp-content\\\/uploads\\\/2020\\\/05\\\/2D2_Zyl_sw-1-scaled.jpg\"},{\"@type\":\"BreadcrumbList\",\"@id\":\"https:\\\/\\\/dlm-ag.ch\\\/steam-locomotives\\\/#breadcrumb\",\"itemListElement\":[{\"@type\":\"ListItem\",\"position\":1,\"name\":\"Home\",\"item\":\"https:\\\/\\\/dlm-ag.ch\\\/\"},{\"@type\":\"ListItem\",\"position\":2,\"name\":\"Steam locomotives\"}]},{\"@type\":\"WebSite\",\"@id\":\"https:\\\/\\\/dlm-ag.ch\\\/#website\",\"url\":\"https:\\\/\\\/dlm-ag.ch\\\/\",\"name\":\"DLM - MODERN STEAM\",\"description\":\"AN ECONOMIC AND ENVIRONMENTAL ALTERNATIVE TO DIESEL TRACTION\",\"publisher\":{\"@id\":\"https:\\\/\\\/dlm-ag.ch\\\/#organization\"},\"potentialAction\":[{\"@type\":\"SearchAction\",\"target\":{\"@type\":\"EntryPoint\",\"urlTemplate\":\"https:\\\/\\\/dlm-ag.ch\\\/?s={search_term_string}\"},\"query-input\":{\"@type\":\"PropertyValueSpecification\",\"valueRequired\":true,\"valueName\":\"search_term_string\"}}],\"inLanguage\":\"en-GB\"},{\"@type\":\"Organization\",\"@id\":\"https:\\\/\\\/dlm-ag.ch\\\/#organization\",\"name\":\"DLM AG\",\"url\":\"https:\\\/\\\/dlm-ag.ch\\\/\",\"logo\":{\"@type\":\"ImageObject\",\"inLanguage\":\"en-GB\",\"@id\":\"https:\\\/\\\/dlm-ag.ch\\\/#\\\/schema\\\/logo\\\/image\\\/\",\"url\":\"https:\\\/\\\/dlm-ag.ch\\\/wp-content\\\/uploads\\\/2020\\\/03\\\/DLM_ID_V3_Logo_Landscape_Light_800.png\",\"contentUrl\":\"https:\\\/\\\/dlm-ag.ch\\\/wp-content\\\/uploads\\\/2020\\\/03\\\/DLM_ID_V3_Logo_Landscape_Light_800.png\",\"width\":800,\"height\":241,\"caption\":\"DLM AG\"},\"image\":{\"@id\":\"https:\\\/\\\/dlm-ag.ch\\\/#\\\/schema\\\/logo\\\/image\\\/\"},\"sameAs\":[\"https:\\\/\\\/de.wikipedia.org\\\/wiki\\\/Dampflokomotiv-_und_Maschinenfabrik_DLM\"]}]}<\/script>\n<!-- \/ Yoast SEO plugin. -->","yoast_head_json":{"title":"Steam locomotives - DLM - MODERN STEAM","robots":{"index":"index","follow":"follow","max-snippet":"max-snippet:-1","max-image-preview":"max-image-preview:large","max-video-preview":"max-video-preview:-1"},"canonical":"https:\/\/dlm-ag.ch\/en\/steam-locomotives\/","og_locale":"en_GB","og_type":"article","og_title":"Steam locomotives - DLM - MODERN STEAM","og_description":"DAMPFLOkOMOTIVEn Dampflokomotiven f\u00fcr Normalspurbahnen Entwurf einer modernen Neubau-Dampflokomotive des Typs 2&#8217;D2&#8242; h2t Typenskizze 2&#8217;d2&#8217;h2t Dampflokomotiven f\u00fcr Schmalspurbahnen Schmalspur-Heissdampf-Tenderlokomotive Bh2t Schmalspur-Heissdampf-Tenderlokomotive (Bh2t) im Aussehen der &#8222;B&#8220;-Klasse der indischen Darjeeling-Bahn nachempfunden. Dampflokomotive G 4\/6 (1&#8217;D1&#8217;h2t) Dampflokomotive G 4\/6 (1&#8217;D1&#8217;h2t) gr\u00fcn Dampflokomotiven f\u00fcr gemischte Zahnrad- und Adh\u00e4sionsbahnen Zahnrad- und Adh\u00e4sionsdampflokomotive HG 4\/5 Dampflokomotiven f\u00fcr reine Zahnradbahnen Moderne Zahnrad-Dampflokomotive&hellip;","og_url":"https:\/\/dlm-ag.ch\/en\/steam-locomotives\/","og_site_name":"DLM - MODERN STEAM","article_modified_time":"2020-08-21T02:50:25+00:00","og_image":[{"url":"http:\/\/dlm-ag.ch\/wp-content\/uploads\/2020\/05\/2D2_Zyl_sw-1-scaled.jpg","type":"","width":"","height":""}],"twitter_card":"summary_large_image","schema":{"@context":"https:\/\/schema.org","@graph":[{"@type":"WebPage","@id":"https:\/\/dlm-ag.ch\/steam-locomotives\/","url":"https:\/\/dlm-ag.ch\/steam-locomotives\/","name":"Steam locomotives - DLM - MODERN STEAM","isPartOf":{"@id":"https:\/\/dlm-ag.ch\/#website"},"primaryImageOfPage":{"@id":"https:\/\/dlm-ag.ch\/steam-locomotives\/#primaryimage"},"image":{"@id":"https:\/\/dlm-ag.ch\/steam-locomotives\/#primaryimage"},"thumbnailUrl":"http:\/\/dlm-ag.ch\/wp-content\/uploads\/2020\/05\/2D2_Zyl_sw-1-scaled.jpg","datePublished":"2020-04-14T03:43:39+00:00","dateModified":"2020-08-21T02:50:25+00:00","breadcrumb":{"@id":"https:\/\/dlm-ag.ch\/steam-locomotives\/#breadcrumb"},"inLanguage":"en-GB","potentialAction":[{"@type":"ReadAction","target":["https:\/\/dlm-ag.ch\/steam-locomotives\/"]}]},{"@type":"ImageObject","inLanguage":"en-GB","@id":"https:\/\/dlm-ag.ch\/steam-locomotives\/#primaryimage","url":"http:\/\/dlm-ag.ch\/wp-content\/uploads\/2020\/05\/2D2_Zyl_sw-1-scaled.jpg","contentUrl":"http:\/\/dlm-ag.ch\/wp-content\/uploads\/2020\/05\/2D2_Zyl_sw-1-scaled.jpg"},{"@type":"BreadcrumbList","@id":"https:\/\/dlm-ag.ch\/steam-locomotives\/#breadcrumb","itemListElement":[{"@type":"ListItem","position":1,"name":"Home","item":"https:\/\/dlm-ag.ch\/"},{"@type":"ListItem","position":2,"name":"Steam locomotives"}]},{"@type":"WebSite","@id":"https:\/\/dlm-ag.ch\/#website","url":"https:\/\/dlm-ag.ch\/","name":"DLM - MODERN STEAM","description":"AN ECONOMIC AND ENVIRONMENTAL ALTERNATIVE TO DIESEL TRACTION","publisher":{"@id":"https:\/\/dlm-ag.ch\/#organization"},"potentialAction":[{"@type":"SearchAction","target":{"@type":"EntryPoint","urlTemplate":"https:\/\/dlm-ag.ch\/?s={search_term_string}"},"query-input":{"@type":"PropertyValueSpecification","valueRequired":true,"valueName":"search_term_string"}}],"inLanguage":"en-GB"},{"@type":"Organization","@id":"https:\/\/dlm-ag.ch\/#organization","name":"DLM AG","url":"https:\/\/dlm-ag.ch\/","logo":{"@type":"ImageObject","inLanguage":"en-GB","@id":"https:\/\/dlm-ag.ch\/#\/schema\/logo\/image\/","url":"https:\/\/dlm-ag.ch\/wp-content\/uploads\/2020\/03\/DLM_ID_V3_Logo_Landscape_Light_800.png","contentUrl":"https:\/\/dlm-ag.ch\/wp-content\/uploads\/2020\/03\/DLM_ID_V3_Logo_Landscape_Light_800.png","width":800,"height":241,"caption":"DLM AG"},"image":{"@id":"https:\/\/dlm-ag.ch\/#\/schema\/logo\/image\/"},"sameAs":["https:\/\/de.wikipedia.org\/wiki\/Dampflokomotiv-_und_Maschinenfabrik_DLM"]}]}},"_links":{"self":[{"href":"https:\/\/dlm-ag.ch\/en\/wp-json\/wp\/v2\/pages\/8276","targetHints":{"allow":["GET"]}}],"collection":[{"href":"https:\/\/dlm-ag.ch\/en\/wp-json\/wp\/v2\/pages"}],"about":[{"href":"https:\/\/dlm-ag.ch\/en\/wp-json\/wp\/v2\/types\/page"}],"author":[{"embeddable":true,"href":"https:\/\/dlm-ag.ch\/en\/wp-json\/wp\/v2\/users\/3"}],"replies":[{"embeddable":true,"href":"https:\/\/dlm-ag.ch\/en\/wp-json\/wp\/v2\/comments?post=8276"}],"version-history":[{"count":37,"href":"https:\/\/dlm-ag.ch\/en\/wp-json\/wp\/v2\/pages\/8276\/revisions"}],"predecessor-version":[{"id":9582,"href":"https:\/\/dlm-ag.ch\/en\/wp-json\/wp\/v2\/pages\/8276\/revisions\/9582"}],"wp:attachment":[{"href":"https:\/\/dlm-ag.ch\/en\/wp-json\/wp\/v2\/media?parent=8276"}],"curies":[{"name":"wp","href":"https:\/\/api.w.org\/{rel}","templated":true}]}}