{"id":8263,"date":"2020-04-14T03:39:56","date_gmt":"2020-04-14T03:39:56","guid":{"rendered":"https:\/\/wordpress.dlm-ag.ch\/?page_id=8263"},"modified":"2020-08-19T20:38:00","modified_gmt":"2020-08-19T18:38:00","slug":"pamphlets","status":"publish","type":"page","link":"https:\/\/dlm-ag.ch\/en\/pamphlets\/","title":{"rendered":"Pamphlets"},"content":{"rendered":"<h2>\n\t\tBrochures and Schematics\n\t<\/h2>\n<h2>\n\t\tRack steam locomotives with one-man operation\n\t<\/h2>\n\t\t\t<a href=\"http:\/\/dlm-ag.ch\/en\/neue-zahnraddampflokomotive-h-2-3_d_2020-05-14\/\" target=\"_blank\" role=\"button\" rel=\"noopener noreferrer\">\n\t\t\t\t\t\track steam locomotives type h 2\/3\n\t\t\t\t\t<\/a>\n<h2>\n\t\tMODERNISATIONS AND REVISIONS\n\t<\/h2>\n\t\t\t<a href=\"http:\/\/dlm-ag.ch\/en\/modernierungen-und-revisionen_d_2020-05-14\/\" target=\"_blank\" role=\"button\" rel=\"noopener noreferrer\">\n\t\t\t\t\t\t52 8055 \/ Vitznau-Rigi-Bahn \/ Borkumer Kleinbahn \/ Dampflok &#8222;Heidi&#8220;\n\t\t\t\t\t<\/a>\n<h2>\n\t\tnew remote controlled ship steam engines\n\t<\/h2>\n\t\t\t<a href=\"http:\/\/dlm-ag.ch\/en\/dlm-prospekt_neue-schiffsdampfmaschinen_d_2020-08-18\/\" target=\"_blank\" role=\"button\" rel=\"noopener noreferrer\">\n\t\t\t\t\t\tRaddampfer &#8222;Montreux&#8220; und schraubendampfer &#8222;Spiez&#8220;\n\t\t\t\t\t<\/a>\n<h2>\n\t\tElectric pre-heating device for steam locomotives\n\t<\/h2>\n\t\t\t<a href=\"http:\/\/dlm-ag.ch\/en\/vorheiz-und-vorwaermgeraete_d_e_2020-04-20\/\" target=\"_blank\" role=\"button\" rel=\"noopener noreferrer\">\n\t\t\t\t\t\tElectric pre-heating device for steam boilers\n\t\t\t\t\t<\/a>\n<h2>\n\t\tNew narrow-gauge steam engines for gauges from 750 to 1067 mm\n\t<\/h2>\n\t\t\t<a href=\"http:\/\/dlm-ag.ch\/en\/neue-schmalspurdampflokomotive-1c1_d_2020-05-14\/\" target=\"_self\" role=\"button\" rel=\"noopener noreferrer\">\n\t\t\t\t\t\tTypenblatt 99.xx  (1&#8217;C1&#8242; h2t)\n\t\t\t\t\t<\/a>\n\t\t\t<a href=\"http:\/\/dlm-ag.ch\/en\/neue-schmalspurdampflokomotive-1d1_d_2020-05-14\/\" target=\"_blank\" role=\"button\" rel=\"noopener noreferrer\">\n\t\t\t\t\t\tTypenblatt 99.10xx (1&#8217;D1&#8242; h2t)\n\t\t\t\t\t<\/a>","protected":false},"excerpt":{"rendered":"<p>Prospekte und Typenbl\u00e4tter Zahnraddampflokomotiven mit einmannbetrieb Zahnraddampflokomotiven des Typs H 2\/3 MODERNISIERUNGen UND revisionen 52 8055 \/ Vitznau-Rigi-Bahn \/ Borkumer Kleinbahn \/ Dampflok &#8222;Heidi&#8220; neue SCHIFFSDAMPFMASCHINEN MIT FERNSTEUERUNG Raddampfer &#8222;Montreux&#8220; und schraubendampfer &#8222;Spiez&#8220; ELEKTRISCHE VORheizger\u00c4te F\u00dcR DAMPFLOKOMOTIVEN Elektrische Vorheiz- und Vorw\u00e4rmger\u00e4te f\u00fcr Dampfkessel Neue Schmalspur-Dampflokomotiven f\u00fcr Spurweiten von 750 bis 1067 mm Typenblatt 99.xx (1&#8217;C1&#8242;&hellip;<\/p>","protected":false},"author":3,"featured_media":0,"parent":0,"menu_order":0,"comment_status":"closed","ping_status":"closed","template":"","meta":{"footnotes":""},"class_list":["post-8263","page","type-page","status-publish","hentry"],"yoast_head":"<!-- This site is optimized with the Yoast SEO plugin v27.3 - https:\/\/yoast.com\/product\/yoast-seo-wordpress\/ -->\n<title>Pamphlets - DLM - MODERN STEAM<\/title>\n<meta name=\"robots\" content=\"index, follow, max-snippet:-1, max-image-preview:large, max-video-preview:-1\" \/>\n<link rel=\"canonical\" href=\"https:\/\/dlm-ag.ch\/en\/pamphlets\/\" \/>\n<meta property=\"og:locale\" content=\"en_GB\" \/>\n<meta property=\"og:type\" content=\"article\" \/>\n<meta property=\"og:title\" content=\"Pamphlets - DLM - MODERN STEAM\" \/>\n<meta property=\"og:description\" content=\"Prospekte und Typenbl\u00e4tter Zahnraddampflokomotiven mit einmannbetrieb Zahnraddampflokomotiven des Typs H 2\/3 MODERNISIERUNGen UND revisionen 52 8055 \/ Vitznau-Rigi-Bahn \/ Borkumer Kleinbahn \/ Dampflok &#8222;Heidi&#8220; neue SCHIFFSDAMPFMASCHINEN MIT FERNSTEUERUNG Raddampfer &#8222;Montreux&#8220; und schraubendampfer &#8222;Spiez&#8220; ELEKTRISCHE VORheizger\u00c4te F\u00dcR DAMPFLOKOMOTIVEN Elektrische Vorheiz- und Vorw\u00e4rmger\u00e4te f\u00fcr Dampfkessel Neue Schmalspur-Dampflokomotiven f\u00fcr Spurweiten von 750 bis 1067 mm Typenblatt 99.xx (1&#8217;C1&#8242;&hellip;\" \/>\n<meta property=\"og:url\" content=\"https:\/\/dlm-ag.ch\/en\/pamphlets\/\" \/>\n<meta property=\"og:site_name\" content=\"DLM - MODERN STEAM\" \/>\n<meta property=\"article:modified_time\" content=\"2020-08-19T18:38:00+00:00\" \/>\n<meta name=\"twitter:card\" content=\"summary_large_image\" \/>\n<script type=\"application\/ld+json\" class=\"yoast-schema-graph\">{\"@context\":\"https:\\\/\\\/schema.org\",\"@graph\":[{\"@type\":\"WebPage\",\"@id\":\"https:\\\/\\\/dlm-ag.ch\\\/pamphlets\\\/\",\"url\":\"https:\\\/\\\/dlm-ag.ch\\\/pamphlets\\\/\",\"name\":\"Pamphlets - DLM - MODERN STEAM\",\"isPartOf\":{\"@id\":\"https:\\\/\\\/dlm-ag.ch\\\/#website\"},\"datePublished\":\"2020-04-14T03:39:56+00:00\",\"dateModified\":\"2020-08-19T18:38:00+00:00\",\"breadcrumb\":{\"@id\":\"https:\\\/\\\/dlm-ag.ch\\\/pamphlets\\\/#breadcrumb\"},\"inLanguage\":\"en-GB\",\"potentialAction\":[{\"@type\":\"ReadAction\",\"target\":[\"https:\\\/\\\/dlm-ag.ch\\\/pamphlets\\\/\"]}]},{\"@type\":\"BreadcrumbList\",\"@id\":\"https:\\\/\\\/dlm-ag.ch\\\/pamphlets\\\/#breadcrumb\",\"itemListElement\":[{\"@type\":\"ListItem\",\"position\":1,\"name\":\"Home\",\"item\":\"https:\\\/\\\/dlm-ag.ch\\\/\"},{\"@type\":\"ListItem\",\"position\":2,\"name\":\"Pamphlets\"}]},{\"@type\":\"WebSite\",\"@id\":\"https:\\\/\\\/dlm-ag.ch\\\/#website\",\"url\":\"https:\\\/\\\/dlm-ag.ch\\\/\",\"name\":\"DLM - MODERN STEAM\",\"description\":\"AN ECONOMIC AND ENVIRONMENTAL ALTERNATIVE TO DIESEL TRACTION\",\"publisher\":{\"@id\":\"https:\\\/\\\/dlm-ag.ch\\\/#organization\"},\"potentialAction\":[{\"@type\":\"SearchAction\",\"target\":{\"@type\":\"EntryPoint\",\"urlTemplate\":\"https:\\\/\\\/dlm-ag.ch\\\/?s={search_term_string}\"},\"query-input\":{\"@type\":\"PropertyValueSpecification\",\"valueRequired\":true,\"valueName\":\"search_term_string\"}}],\"inLanguage\":\"en-GB\"},{\"@type\":\"Organization\",\"@id\":\"https:\\\/\\\/dlm-ag.ch\\\/#organization\",\"name\":\"DLM AG\",\"url\":\"https:\\\/\\\/dlm-ag.ch\\\/\",\"logo\":{\"@type\":\"ImageObject\",\"inLanguage\":\"en-GB\",\"@id\":\"https:\\\/\\\/dlm-ag.ch\\\/#\\\/schema\\\/logo\\\/image\\\/\",\"url\":\"https:\\\/\\\/dlm-ag.ch\\\/wp-content\\\/uploads\\\/2020\\\/03\\\/DLM_ID_V3_Logo_Landscape_Light_800.png\",\"contentUrl\":\"https:\\\/\\\/dlm-ag.ch\\\/wp-content\\\/uploads\\\/2020\\\/03\\\/DLM_ID_V3_Logo_Landscape_Light_800.png\",\"width\":800,\"height\":241,\"caption\":\"DLM AG\"},\"image\":{\"@id\":\"https:\\\/\\\/dlm-ag.ch\\\/#\\\/schema\\\/logo\\\/image\\\/\"},\"sameAs\":[\"https:\\\/\\\/de.wikipedia.org\\\/wiki\\\/Dampflokomotiv-_und_Maschinenfabrik_DLM\"]}]}<\/script>\n<!-- \/ Yoast SEO plugin. -->","yoast_head_json":{"title":"Pamphlets - DLM - MODERN STEAM","robots":{"index":"index","follow":"follow","max-snippet":"max-snippet:-1","max-image-preview":"max-image-preview:large","max-video-preview":"max-video-preview:-1"},"canonical":"https:\/\/dlm-ag.ch\/en\/pamphlets\/","og_locale":"en_GB","og_type":"article","og_title":"Pamphlets - DLM - MODERN STEAM","og_description":"Prospekte und Typenbl\u00e4tter Zahnraddampflokomotiven mit einmannbetrieb Zahnraddampflokomotiven des Typs H 2\/3 MODERNISIERUNGen UND revisionen 52 8055 \/ Vitznau-Rigi-Bahn \/ Borkumer Kleinbahn \/ Dampflok &#8222;Heidi&#8220; neue SCHIFFSDAMPFMASCHINEN MIT FERNSTEUERUNG Raddampfer &#8222;Montreux&#8220; und schraubendampfer &#8222;Spiez&#8220; ELEKTRISCHE VORheizger\u00c4te F\u00dcR DAMPFLOKOMOTIVEN Elektrische Vorheiz- und Vorw\u00e4rmger\u00e4te f\u00fcr Dampfkessel Neue Schmalspur-Dampflokomotiven f\u00fcr Spurweiten von 750 bis 1067 mm Typenblatt 99.xx (1&#8217;C1&#8242;&hellip;","og_url":"https:\/\/dlm-ag.ch\/en\/pamphlets\/","og_site_name":"DLM - MODERN STEAM","article_modified_time":"2020-08-19T18:38:00+00:00","twitter_card":"summary_large_image","schema":{"@context":"https:\/\/schema.org","@graph":[{"@type":"WebPage","@id":"https:\/\/dlm-ag.ch\/pamphlets\/","url":"https:\/\/dlm-ag.ch\/pamphlets\/","name":"Pamphlets - DLM - MODERN STEAM","isPartOf":{"@id":"https:\/\/dlm-ag.ch\/#website"},"datePublished":"2020-04-14T03:39:56+00:00","dateModified":"2020-08-19T18:38:00+00:00","breadcrumb":{"@id":"https:\/\/dlm-ag.ch\/pamphlets\/#breadcrumb"},"inLanguage":"en-GB","potentialAction":[{"@type":"ReadAction","target":["https:\/\/dlm-ag.ch\/pamphlets\/"]}]},{"@type":"BreadcrumbList","@id":"https:\/\/dlm-ag.ch\/pamphlets\/#breadcrumb","itemListElement":[{"@type":"ListItem","position":1,"name":"Home","item":"https:\/\/dlm-ag.ch\/"},{"@type":"ListItem","position":2,"name":"Pamphlets"}]},{"@type":"WebSite","@id":"https:\/\/dlm-ag.ch\/#website","url":"https:\/\/dlm-ag.ch\/","name":"DLM - MODERN STEAM","description":"AN ECONOMIC AND ENVIRONMENTAL ALTERNATIVE TO DIESEL TRACTION","publisher":{"@id":"https:\/\/dlm-ag.ch\/#organization"},"potentialAction":[{"@type":"SearchAction","target":{"@type":"EntryPoint","urlTemplate":"https:\/\/dlm-ag.ch\/?s={search_term_string}"},"query-input":{"@type":"PropertyValueSpecification","valueRequired":true,"valueName":"search_term_string"}}],"inLanguage":"en-GB"},{"@type":"Organization","@id":"https:\/\/dlm-ag.ch\/#organization","name":"DLM AG","url":"https:\/\/dlm-ag.ch\/","logo":{"@type":"ImageObject","inLanguage":"en-GB","@id":"https:\/\/dlm-ag.ch\/#\/schema\/logo\/image\/","url":"https:\/\/dlm-ag.ch\/wp-content\/uploads\/2020\/03\/DLM_ID_V3_Logo_Landscape_Light_800.png","contentUrl":"https:\/\/dlm-ag.ch\/wp-content\/uploads\/2020\/03\/DLM_ID_V3_Logo_Landscape_Light_800.png","width":800,"height":241,"caption":"DLM AG"},"image":{"@id":"https:\/\/dlm-ag.ch\/#\/schema\/logo\/image\/"},"sameAs":["https:\/\/de.wikipedia.org\/wiki\/Dampflokomotiv-_und_Maschinenfabrik_DLM"]}]}},"_links":{"self":[{"href":"https:\/\/dlm-ag.ch\/en\/wp-json\/wp\/v2\/pages\/8263","targetHints":{"allow":["GET"]}}],"collection":[{"href":"https:\/\/dlm-ag.ch\/en\/wp-json\/wp\/v2\/pages"}],"about":[{"href":"https:\/\/dlm-ag.ch\/en\/wp-json\/wp\/v2\/types\/page"}],"author":[{"embeddable":true,"href":"https:\/\/dlm-ag.ch\/en\/wp-json\/wp\/v2\/users\/3"}],"replies":[{"embeddable":true,"href":"https:\/\/dlm-ag.ch\/en\/wp-json\/wp\/v2\/comments?post=8263"}],"version-history":[{"count":35,"href":"https:\/\/dlm-ag.ch\/en\/wp-json\/wp\/v2\/pages\/8263\/revisions"}],"predecessor-version":[{"id":9575,"href":"https:\/\/dlm-ag.ch\/en\/wp-json\/wp\/v2\/pages\/8263\/revisions\/9575"}],"wp:attachment":[{"href":"https:\/\/dlm-ag.ch\/en\/wp-json\/wp\/v2\/media?parent=8263"}],"curies":[{"name":"wp","href":"https:\/\/api.w.org\/{rel}","templated":true}]}}