{"id":6955,"date":"2020-02-12T21:33:56","date_gmt":"2020-02-12T21:33:56","guid":{"rendered":"https:\/\/wordpress.dlm-ag.ch\/?page_id=6955"},"modified":"2025-12-08T11:17:13","modified_gmt":"2025-12-08T09:17:13","slug":"home","status":"publish","type":"page","link":"https:\/\/dlm-ag.ch\/en\/","title":{"rendered":"Home"},"content":{"rendered":"<h2>\n\t\t\tModern Steam\t<\/h2>\n<h3>\n\t\t\tAN ECONOMIC AND ENVIRONMENTAL ALTERNATIVE TO DIESEL TRACTION\t<\/h3>\n\t<h4>BENEFITS OF MODERN STEAM<\/h4>\n<p>One man operation for steam locomotives<\/p>\n<p>Remote-controlled steam engines for ships<\/p>\n<p>Light-oil firing with clean and spark free combustion<\/p>\n<p>High thermal efficiency of engine and boiler<\/p>\n<p>Modular concept<\/p>\n<p>Modern manufacturing allows for exchangeable parts<\/p>\n<p>Latest bearing technology reduces maintenance and protects the environment<\/p>\n<p>Electric preheating device enables unattended heating up of steam boilers<\/p>\n<p>&nbsp;<\/p>\n<p><em><strong>Learn more about Modern Steam by clicking the buttons below<\/strong><\/em><\/p>\n\t\t\t<a href=\"https:\/\/dlm-ag.ch\/wp-content\/uploads\/2020\/08\/2020-06-15_Moderne-Dampftraktion_Homepage.pdf\" target=\"_blank\" rel=\"noopener\">\n\t\t\t\t\t\tModern Steam f\u00fcr den Tourismus (PDF)\n\t\t\t\t\t<\/a>\n\t\t\t<a href=\"https:\/\/dlm-ag.ch\/wp-content\/uploads\/2020\/10\/2020-10-07_Modern-Steam-Traction-homepage.pdf\" target=\"_blank\" rel=\"noopener\">\n\t\t\t\t\t\tmodern steam for tourism\n\t\t\t\t\t<\/a>\n\t\t\t<a href=\"http:\/\/dlm-ag.ch\/en\/2020-07-07_energie-und-speichertechnik\/\" target=\"_blank\" rel=\"noopener\">\n\t\t\t\t\t\tEnergie-, Dampf- und speichertechnik (PDF)\n\t\t\t\t\t<\/a>\n\t\t\t<a href=\"https:\/\/dlm-ag.ch\/wp-content\/uploads\/2020\/10\/2020-10-07_Energy-Steam-and-Fireless-Technology-homepage.pdf\" target=\"_blank\" rel=\"noopener\">\n\t\t\t\t\t\tEnergy, steam and fireless technology (pdf)\n\t\t\t\t\t<\/a>\n<h2>\n\t\t\tnews and information\t<\/h2>","protected":false},"excerpt":{"rendered":"<p>Modern Steam Eine wirtschaftliche und umweltfreundliche Alternative zur Dieseltraktion Vorteile von modern steam Einmannbetrieb f\u00fcr Dampflokomotiven Fernbediente Dampfmaschinen f\u00fcr Schiffe Leicht\u00f6lfeuerung mit rauch- und funkenfreier Verbrennung Vollisolation von Kessel, Dampfmaschine und Leitungen Modulares Konzept Moderne Fabrikationstechnik erlaubt austauschbare Teile Rollenlager reduzieren den Unterhalt und schonen die Umwelt Elektrisches Vorheizger\u00e4t f\u00fcr sofortige Einsatzbereitschaft &nbsp; F\u00fcr weitere&hellip;<\/p>","protected":false},"author":3,"featured_media":0,"parent":0,"menu_order":0,"comment_status":"closed","ping_status":"closed","template":"","meta":{"footnotes":""},"class_list":["post-6955","page","type-page","status-publish","hentry"],"yoast_head":"<!-- This site is optimized with the Yoast SEO plugin v27.3 - https:\/\/yoast.com\/product\/yoast-seo-wordpress\/ -->\n<title>Home - DLM - MODERN STEAM<\/title>\n<meta name=\"robots\" content=\"index, follow, max-snippet:-1, max-image-preview:large, max-video-preview:-1\" \/>\n<link rel=\"canonical\" href=\"https:\/\/dlm-ag.ch\/en\/\" \/>\n<meta property=\"og:locale\" content=\"en_GB\" \/>\n<meta property=\"og:type\" content=\"article\" \/>\n<meta property=\"og:title\" content=\"Home - DLM - MODERN STEAM\" \/>\n<meta property=\"og:description\" content=\"Modern Steam Eine wirtschaftliche und umweltfreundliche Alternative zur Dieseltraktion Vorteile von modern steam Einmannbetrieb f\u00fcr Dampflokomotiven Fernbediente Dampfmaschinen f\u00fcr Schiffe Leicht\u00f6lfeuerung mit rauch- und funkenfreier Verbrennung Vollisolation von Kessel, Dampfmaschine und Leitungen Modulares Konzept Moderne Fabrikationstechnik erlaubt austauschbare Teile Rollenlager reduzieren den Unterhalt und schonen die Umwelt Elektrisches Vorheizger\u00e4t f\u00fcr sofortige Einsatzbereitschaft &nbsp; F\u00fcr weitere&hellip;\" \/>\n<meta property=\"og:url\" content=\"https:\/\/dlm-ag.ch\/en\/\" \/>\n<meta property=\"og:site_name\" content=\"DLM - MODERN STEAM\" \/>\n<meta property=\"article:modified_time\" content=\"2025-12-08T09:17:13+00:00\" \/>\n<meta name=\"twitter:card\" content=\"summary_large_image\" \/>\n<meta name=\"twitter:label1\" content=\"Estimated reading time\" \/>\n\t<meta name=\"twitter:data1\" content=\"7 minutes\" \/>\n<script type=\"application\/ld+json\" class=\"yoast-schema-graph\">{\"@context\":\"https:\\\/\\\/schema.org\",\"@graph\":[{\"@type\":\"WebPage\",\"@id\":\"https:\\\/\\\/dlm-ag.ch\\\/\",\"url\":\"https:\\\/\\\/dlm-ag.ch\\\/\",\"name\":\"Home - DLM - MODERN STEAM\",\"isPartOf\":{\"@id\":\"https:\\\/\\\/dlm-ag.ch\\\/#website\"},\"datePublished\":\"2020-02-12T21:33:56+00:00\",\"dateModified\":\"2025-12-08T09:17:13+00:00\",\"breadcrumb\":{\"@id\":\"https:\\\/\\\/dlm-ag.ch\\\/#breadcrumb\"},\"inLanguage\":\"en-GB\",\"potentialAction\":[{\"@type\":\"ReadAction\",\"target\":[\"https:\\\/\\\/dlm-ag.ch\\\/\"]}]},{\"@type\":\"BreadcrumbList\",\"@id\":\"https:\\\/\\\/dlm-ag.ch\\\/#breadcrumb\",\"itemListElement\":[{\"@type\":\"ListItem\",\"position\":1,\"name\":\"Home\",\"item\":\"https:\\\/\\\/dlm-ag.ch\\\/\"},{\"@type\":\"ListItem\",\"position\":2,\"name\":\"Home\"}]},{\"@type\":\"WebSite\",\"@id\":\"https:\\\/\\\/dlm-ag.ch\\\/#website\",\"url\":\"https:\\\/\\\/dlm-ag.ch\\\/\",\"name\":\"DLM - MODERN STEAM\",\"description\":\"AN ECONOMIC AND ENVIRONMENTAL ALTERNATIVE TO DIESEL TRACTION\",\"publisher\":{\"@id\":\"https:\\\/\\\/dlm-ag.ch\\\/#organization\"},\"potentialAction\":[{\"@type\":\"SearchAction\",\"target\":{\"@type\":\"EntryPoint\",\"urlTemplate\":\"https:\\\/\\\/dlm-ag.ch\\\/?s={search_term_string}\"},\"query-input\":{\"@type\":\"PropertyValueSpecification\",\"valueRequired\":true,\"valueName\":\"search_term_string\"}}],\"inLanguage\":\"en-GB\"},{\"@type\":\"Organization\",\"@id\":\"https:\\\/\\\/dlm-ag.ch\\\/#organization\",\"name\":\"DLM AG\",\"url\":\"https:\\\/\\\/dlm-ag.ch\\\/\",\"logo\":{\"@type\":\"ImageObject\",\"inLanguage\":\"en-GB\",\"@id\":\"https:\\\/\\\/dlm-ag.ch\\\/#\\\/schema\\\/logo\\\/image\\\/\",\"url\":\"https:\\\/\\\/dlm-ag.ch\\\/wp-content\\\/uploads\\\/2020\\\/03\\\/DLM_ID_V3_Logo_Landscape_Light_800.png\",\"contentUrl\":\"https:\\\/\\\/dlm-ag.ch\\\/wp-content\\\/uploads\\\/2020\\\/03\\\/DLM_ID_V3_Logo_Landscape_Light_800.png\",\"width\":800,\"height\":241,\"caption\":\"DLM AG\"},\"image\":{\"@id\":\"https:\\\/\\\/dlm-ag.ch\\\/#\\\/schema\\\/logo\\\/image\\\/\"},\"sameAs\":[\"https:\\\/\\\/de.wikipedia.org\\\/wiki\\\/Dampflokomotiv-_und_Maschinenfabrik_DLM\"]}]}<\/script>\n<!-- \/ Yoast SEO plugin. -->","yoast_head_json":{"title":"Home - DLM - MODERN STEAM","robots":{"index":"index","follow":"follow","max-snippet":"max-snippet:-1","max-image-preview":"max-image-preview:large","max-video-preview":"max-video-preview:-1"},"canonical":"https:\/\/dlm-ag.ch\/en\/","og_locale":"en_GB","og_type":"article","og_title":"Home - DLM - MODERN STEAM","og_description":"Modern Steam Eine wirtschaftliche und umweltfreundliche Alternative zur Dieseltraktion Vorteile von modern steam Einmannbetrieb f\u00fcr Dampflokomotiven Fernbediente Dampfmaschinen f\u00fcr Schiffe Leicht\u00f6lfeuerung mit rauch- und funkenfreier Verbrennung Vollisolation von Kessel, Dampfmaschine und Leitungen Modulares Konzept Moderne Fabrikationstechnik erlaubt austauschbare Teile Rollenlager reduzieren den Unterhalt und schonen die Umwelt Elektrisches Vorheizger\u00e4t f\u00fcr sofortige Einsatzbereitschaft &nbsp; F\u00fcr weitere&hellip;","og_url":"https:\/\/dlm-ag.ch\/en\/","og_site_name":"DLM - MODERN STEAM","article_modified_time":"2025-12-08T09:17:13+00:00","twitter_card":"summary_large_image","twitter_misc":{"Estimated reading time":"7 minutes"},"schema":{"@context":"https:\/\/schema.org","@graph":[{"@type":"WebPage","@id":"https:\/\/dlm-ag.ch\/","url":"https:\/\/dlm-ag.ch\/","name":"Home - DLM - MODERN STEAM","isPartOf":{"@id":"https:\/\/dlm-ag.ch\/#website"},"datePublished":"2020-02-12T21:33:56+00:00","dateModified":"2025-12-08T09:17:13+00:00","breadcrumb":{"@id":"https:\/\/dlm-ag.ch\/#breadcrumb"},"inLanguage":"en-GB","potentialAction":[{"@type":"ReadAction","target":["https:\/\/dlm-ag.ch\/"]}]},{"@type":"BreadcrumbList","@id":"https:\/\/dlm-ag.ch\/#breadcrumb","itemListElement":[{"@type":"ListItem","position":1,"name":"Home","item":"https:\/\/dlm-ag.ch\/"},{"@type":"ListItem","position":2,"name":"Home"}]},{"@type":"WebSite","@id":"https:\/\/dlm-ag.ch\/#website","url":"https:\/\/dlm-ag.ch\/","name":"DLM - MODERN STEAM","description":"AN ECONOMIC AND ENVIRONMENTAL ALTERNATIVE TO DIESEL TRACTION","publisher":{"@id":"https:\/\/dlm-ag.ch\/#organization"},"potentialAction":[{"@type":"SearchAction","target":{"@type":"EntryPoint","urlTemplate":"https:\/\/dlm-ag.ch\/?s={search_term_string}"},"query-input":{"@type":"PropertyValueSpecification","valueRequired":true,"valueName":"search_term_string"}}],"inLanguage":"en-GB"},{"@type":"Organization","@id":"https:\/\/dlm-ag.ch\/#organization","name":"DLM AG","url":"https:\/\/dlm-ag.ch\/","logo":{"@type":"ImageObject","inLanguage":"en-GB","@id":"https:\/\/dlm-ag.ch\/#\/schema\/logo\/image\/","url":"https:\/\/dlm-ag.ch\/wp-content\/uploads\/2020\/03\/DLM_ID_V3_Logo_Landscape_Light_800.png","contentUrl":"https:\/\/dlm-ag.ch\/wp-content\/uploads\/2020\/03\/DLM_ID_V3_Logo_Landscape_Light_800.png","width":800,"height":241,"caption":"DLM AG"},"image":{"@id":"https:\/\/dlm-ag.ch\/#\/schema\/logo\/image\/"},"sameAs":["https:\/\/de.wikipedia.org\/wiki\/Dampflokomotiv-_und_Maschinenfabrik_DLM"]}]}},"_links":{"self":[{"href":"https:\/\/dlm-ag.ch\/en\/wp-json\/wp\/v2\/pages\/6955","targetHints":{"allow":["GET"]}}],"collection":[{"href":"https:\/\/dlm-ag.ch\/en\/wp-json\/wp\/v2\/pages"}],"about":[{"href":"https:\/\/dlm-ag.ch\/en\/wp-json\/wp\/v2\/types\/page"}],"author":[{"embeddable":true,"href":"https:\/\/dlm-ag.ch\/en\/wp-json\/wp\/v2\/users\/3"}],"replies":[{"embeddable":true,"href":"https:\/\/dlm-ag.ch\/en\/wp-json\/wp\/v2\/comments?post=6955"}],"version-history":[{"count":11,"href":"https:\/\/dlm-ag.ch\/en\/wp-json\/wp\/v2\/pages\/6955\/revisions"}],"predecessor-version":[{"id":10247,"href":"https:\/\/dlm-ag.ch\/en\/wp-json\/wp\/v2\/pages\/6955\/revisions\/10247"}],"wp:attachment":[{"href":"https:\/\/dlm-ag.ch\/en\/wp-json\/wp\/v2\/media?parent=6955"}],"curies":[{"name":"wp","href":"https:\/\/api.w.org\/{rel}","templated":true}]}}