{"id":9245,"date":"2020-06-11T09:56:07","date_gmt":"2020-06-11T07:56:07","guid":{"rendered":"https:\/\/wordpress.dlm-ag.ch\/?page_id=9245"},"modified":"2020-08-27T13:10:53","modified_gmt":"2020-08-27T11:10:53","slug":"vorheizgeraete","status":"publish","type":"page","link":"https:\/\/dlm-ag.ch\/en\/vorheizgeraete\/","title":{"rendered":"Preheating Devices"},"content":{"rendered":"<h2>\n\t\tvorheizger\u00e4te f\u00fcr Dampflokomotiven und Schiffskessel\n\t<\/h2>\n<h3>\n\t\tpraktisches, zeitsparendes und schonendes Anheizen von Dampflokomotiven und Schiffskesseln\n\t<\/h3>\n\t<p>The electric pre-heating device considerably improves the operational readiness of steam locomotives.<\/p>\nIt offers the following\nadvantages:<br \/>\n&gt; Unattended and gentle electric heating up to a boiler pressure of 16 bar<br \/>\n&gt; Compensation of radiation losses to keep the engine in steam without requiring attendance<br \/>\n&gt; Environmentally friendly heating up without smoke and soot<br \/>\n&gt; Saving of man-hours<br \/>\n&gt; Extended boiler life\n\t\t\t<a href=\"http:\/\/dlm-ag.ch\/en\/vorheiz-und-vorwaermgeraete_d_e_2020-04-20\/\" target=\"_blank\" role=\"button\" rel=\"noopener noreferrer\">\n\t\t\t\t\t\t\tElectric Pre-heating Device for Steam Locomotives\n\t\t\t\t\t<\/a>","protected":false},"excerpt":{"rendered":"<p>vorheizger\u00e4te f\u00fcr Dampflokomotiven und Schiffskessel praktisches, zeitsparendes und schonendes Anheizen von Dampflokomotiven und Schiffskesseln Das elektrische Vorheizger\u00e4t verbessert die Einsatzbereitschaft von Dampflokomotiven erheblich. Es bietet folgende Vorteile: \uf0b7 Feuerloses, unbeaufsichtigtes und schonendes Anheizen . \uf0b7 Unbeaufsichtigtes unter Druck halten einer angeheizten Dampflokomotive. \uf0b7 Umweltfreundliches Anheizen ohne Rauch und Russ. \uf0b7 Einsparung von Personalstunden \uf0b7 L\u00e4ngere&hellip;<\/p>","protected":false},"author":3,"featured_media":0,"parent":0,"menu_order":0,"comment_status":"closed","ping_status":"closed","template":"","meta":{"footnotes":""},"class_list":["post-9245","page","type-page","status-publish","hentry"],"yoast_head":"<!-- This site is optimized with the Yoast SEO plugin v27.6 - https:\/\/yoast.com\/product\/yoast-seo-wordpress\/ -->\n<title>Vorheizger\u00e4te - DLM - MODERN STEAM<\/title>\n<meta name=\"robots\" content=\"index, follow, max-snippet:-1, max-image-preview:large, max-video-preview:-1\" \/>\n<link rel=\"canonical\" href=\"https:\/\/dlm-ag.ch\/en\/vorheizgeraete\/\" \/>\n<meta property=\"og:locale\" content=\"en_GB\" \/>\n<meta property=\"og:type\" content=\"article\" \/>\n<meta property=\"og:title\" content=\"Vorheizger\u00e4te - DLM - MODERN STEAM\" \/>\n<meta property=\"og:description\" content=\"vorheizger\u00e4te f\u00fcr Dampflokomotiven und Schiffskessel praktisches, zeitsparendes und schonendes Anheizen von Dampflokomotiven und Schiffskesseln Das elektrische Vorheizger\u00e4t verbessert die Einsatzbereitschaft von Dampflokomotiven erheblich. Es bietet folgende Vorteile: \uf0b7 Feuerloses, unbeaufsichtigtes und schonendes Anheizen . \uf0b7 Unbeaufsichtigtes unter Druck halten einer angeheizten Dampflokomotive. \uf0b7 Umweltfreundliches Anheizen ohne Rauch und Russ. \uf0b7 Einsparung von Personalstunden \uf0b7 L\u00e4ngere&hellip;\" \/>\n<meta property=\"og:url\" content=\"https:\/\/dlm-ag.ch\/en\/vorheizgeraete\/\" \/>\n<meta property=\"og:site_name\" content=\"DLM - MODERN STEAM\" \/>\n<meta property=\"article:modified_time\" content=\"2020-08-27T11:10:53+00:00\" \/>\n<meta name=\"twitter:card\" content=\"summary_large_image\" \/>\n<script type=\"application\/ld+json\" class=\"yoast-schema-graph\">{\"@context\":\"https:\\\/\\\/schema.org\",\"@graph\":[{\"@type\":\"WebPage\",\"@id\":\"https:\\\/\\\/dlm-ag.ch\\\/vorheizgeraete\\\/\",\"url\":\"https:\\\/\\\/dlm-ag.ch\\\/vorheizgeraete\\\/\",\"name\":\"Vorheizger\u00e4te - DLM - MODERN STEAM\",\"isPartOf\":{\"@id\":\"https:\\\/\\\/dlm-ag.ch\\\/#website\"},\"datePublished\":\"2020-06-11T07:56:07+00:00\",\"dateModified\":\"2020-08-27T11:10:53+00:00\",\"breadcrumb\":{\"@id\":\"https:\\\/\\\/dlm-ag.ch\\\/vorheizgeraete\\\/#breadcrumb\"},\"inLanguage\":\"en-GB\",\"potentialAction\":[{\"@type\":\"ReadAction\",\"target\":[\"https:\\\/\\\/dlm-ag.ch\\\/vorheizgeraete\\\/\"]}]},{\"@type\":\"BreadcrumbList\",\"@id\":\"https:\\\/\\\/dlm-ag.ch\\\/vorheizgeraete\\\/#breadcrumb\",\"itemListElement\":[{\"@type\":\"ListItem\",\"position\":1,\"name\":\"Home\",\"item\":\"https:\\\/\\\/dlm-ag.ch\\\/\"},{\"@type\":\"ListItem\",\"position\":2,\"name\":\"Vorheizger\u00e4te\"}]},{\"@type\":\"WebSite\",\"@id\":\"https:\\\/\\\/dlm-ag.ch\\\/#website\",\"url\":\"https:\\\/\\\/dlm-ag.ch\\\/\",\"name\":\"DLM - MODERN STEAM\",\"description\":\"AN ECONOMIC AND ENVIRONMENTAL ALTERNATIVE TO DIESEL TRACTION\",\"publisher\":{\"@id\":\"https:\\\/\\\/dlm-ag.ch\\\/#organization\"},\"potentialAction\":[{\"@type\":\"SearchAction\",\"target\":{\"@type\":\"EntryPoint\",\"urlTemplate\":\"https:\\\/\\\/dlm-ag.ch\\\/?s={search_term_string}\"},\"query-input\":{\"@type\":\"PropertyValueSpecification\",\"valueRequired\":true,\"valueName\":\"search_term_string\"}}],\"inLanguage\":\"en-GB\"},{\"@type\":\"Organization\",\"@id\":\"https:\\\/\\\/dlm-ag.ch\\\/#organization\",\"name\":\"DLM AG\",\"url\":\"https:\\\/\\\/dlm-ag.ch\\\/\",\"logo\":{\"@type\":\"ImageObject\",\"inLanguage\":\"en-GB\",\"@id\":\"https:\\\/\\\/dlm-ag.ch\\\/#\\\/schema\\\/logo\\\/image\\\/\",\"url\":\"https:\\\/\\\/dlm-ag.ch\\\/wp-content\\\/uploads\\\/2020\\\/03\\\/DLM_ID_V3_Logo_Landscape_Light_800.png\",\"contentUrl\":\"https:\\\/\\\/dlm-ag.ch\\\/wp-content\\\/uploads\\\/2020\\\/03\\\/DLM_ID_V3_Logo_Landscape_Light_800.png\",\"width\":800,\"height\":241,\"caption\":\"DLM AG\"},\"image\":{\"@id\":\"https:\\\/\\\/dlm-ag.ch\\\/#\\\/schema\\\/logo\\\/image\\\/\"},\"sameAs\":[\"https:\\\/\\\/de.wikipedia.org\\\/wiki\\\/Dampflokomotiv-_und_Maschinenfabrik_DLM\"]}]}<\/script>\n<!-- \/ Yoast SEO plugin. -->","yoast_head_json":{"title":"Vorheizger\u00e4te - DLM - MODERN STEAM","robots":{"index":"index","follow":"follow","max-snippet":"max-snippet:-1","max-image-preview":"max-image-preview:large","max-video-preview":"max-video-preview:-1"},"canonical":"https:\/\/dlm-ag.ch\/en\/vorheizgeraete\/","og_locale":"en_GB","og_type":"article","og_title":"Vorheizger\u00e4te - DLM - MODERN STEAM","og_description":"vorheizger\u00e4te f\u00fcr Dampflokomotiven und Schiffskessel praktisches, zeitsparendes und schonendes Anheizen von Dampflokomotiven und Schiffskesseln Das elektrische Vorheizger\u00e4t verbessert die Einsatzbereitschaft von Dampflokomotiven erheblich. Es bietet folgende Vorteile: \uf0b7 Feuerloses, unbeaufsichtigtes und schonendes Anheizen . \uf0b7 Unbeaufsichtigtes unter Druck halten einer angeheizten Dampflokomotive. \uf0b7 Umweltfreundliches Anheizen ohne Rauch und Russ. \uf0b7 Einsparung von Personalstunden \uf0b7 L\u00e4ngere&hellip;","og_url":"https:\/\/dlm-ag.ch\/en\/vorheizgeraete\/","og_site_name":"DLM - MODERN STEAM","article_modified_time":"2020-08-27T11:10:53+00:00","twitter_card":"summary_large_image","schema":{"@context":"https:\/\/schema.org","@graph":[{"@type":"WebPage","@id":"https:\/\/dlm-ag.ch\/vorheizgeraete\/","url":"https:\/\/dlm-ag.ch\/vorheizgeraete\/","name":"Vorheizger\u00e4te - DLM - MODERN STEAM","isPartOf":{"@id":"https:\/\/dlm-ag.ch\/#website"},"datePublished":"2020-06-11T07:56:07+00:00","dateModified":"2020-08-27T11:10:53+00:00","breadcrumb":{"@id":"https:\/\/dlm-ag.ch\/vorheizgeraete\/#breadcrumb"},"inLanguage":"en-GB","potentialAction":[{"@type":"ReadAction","target":["https:\/\/dlm-ag.ch\/vorheizgeraete\/"]}]},{"@type":"BreadcrumbList","@id":"https:\/\/dlm-ag.ch\/vorheizgeraete\/#breadcrumb","itemListElement":[{"@type":"ListItem","position":1,"name":"Home","item":"https:\/\/dlm-ag.ch\/"},{"@type":"ListItem","position":2,"name":"Vorheizger\u00e4te"}]},{"@type":"WebSite","@id":"https:\/\/dlm-ag.ch\/#website","url":"https:\/\/dlm-ag.ch\/","name":"DLM - MODERN STEAM","description":"AN ECONOMIC AND ENVIRONMENTAL ALTERNATIVE TO DIESEL TRACTION","publisher":{"@id":"https:\/\/dlm-ag.ch\/#organization"},"potentialAction":[{"@type":"SearchAction","target":{"@type":"EntryPoint","urlTemplate":"https:\/\/dlm-ag.ch\/?s={search_term_string}"},"query-input":{"@type":"PropertyValueSpecification","valueRequired":true,"valueName":"search_term_string"}}],"inLanguage":"en-GB"},{"@type":"Organization","@id":"https:\/\/dlm-ag.ch\/#organization","name":"DLM AG","url":"https:\/\/dlm-ag.ch\/","logo":{"@type":"ImageObject","inLanguage":"en-GB","@id":"https:\/\/dlm-ag.ch\/#\/schema\/logo\/image\/","url":"https:\/\/dlm-ag.ch\/wp-content\/uploads\/2020\/03\/DLM_ID_V3_Logo_Landscape_Light_800.png","contentUrl":"https:\/\/dlm-ag.ch\/wp-content\/uploads\/2020\/03\/DLM_ID_V3_Logo_Landscape_Light_800.png","width":800,"height":241,"caption":"DLM AG"},"image":{"@id":"https:\/\/dlm-ag.ch\/#\/schema\/logo\/image\/"},"sameAs":["https:\/\/de.wikipedia.org\/wiki\/Dampflokomotiv-_und_Maschinenfabrik_DLM"]}]}},"_links":{"self":[{"href":"https:\/\/dlm-ag.ch\/en\/wp-json\/wp\/v2\/pages\/9245","targetHints":{"allow":["GET"]}}],"collection":[{"href":"https:\/\/dlm-ag.ch\/en\/wp-json\/wp\/v2\/pages"}],"about":[{"href":"https:\/\/dlm-ag.ch\/en\/wp-json\/wp\/v2\/types\/page"}],"author":[{"embeddable":true,"href":"https:\/\/dlm-ag.ch\/en\/wp-json\/wp\/v2\/users\/3"}],"replies":[{"embeddable":true,"href":"https:\/\/dlm-ag.ch\/en\/wp-json\/wp\/v2\/comments?post=9245"}],"version-history":[{"count":6,"href":"https:\/\/dlm-ag.ch\/en\/wp-json\/wp\/v2\/pages\/9245\/revisions"}],"predecessor-version":[{"id":9646,"href":"https:\/\/dlm-ag.ch\/en\/wp-json\/wp\/v2\/pages\/9245\/revisions\/9646"}],"wp:attachment":[{"href":"https:\/\/dlm-ag.ch\/en\/wp-json\/wp\/v2\/media?parent=9245"}],"curies":[{"name":"wp","href":"https:\/\/api.w.org\/{rel}","templated":true}]}}