{"id":8296,"date":"2020-04-14T03:48:40","date_gmt":"2020-04-14T03:48:40","guid":{"rendered":"https:\/\/wordpress.dlm-ag.ch\/?page_id=8296"},"modified":"2025-10-27T16:02:38","modified_gmt":"2025-10-27T14:02:38","slug":"photo-gallery","status":"publish","type":"page","link":"https:\/\/dlm-ag.ch\/en\/photo-gallery\/","title":{"rendered":"Photo gallery"},"content":{"rendered":"<h2>\n\t\t\tWelcome to our photo gallery\t<\/h2>\n\t<p>The picture gallery shows a potpurri of operational pictures of our modern steam locomotives, steam ships and steam engines. For additional information and enlarged view please click on the desired picture.<\/p>\n\t\t\t<a href=\"http:\/\/dlm-ag.ch\/en\/video-gallery\/\" target=\"_self\">\n\t\t\t\t\t\tzur Video Galerie\n\t\t\t\t\t<\/a>","protected":false},"excerpt":{"rendered":"<p>Willkommen bei der FotoGalerie Die Bildergalerie zeigt ein Potpurri von Betriebsaufnahmen unserer modernen Dampflokomotiven, Dampfschiffen und Dampfmaschinen. F\u00fcr zus\u00e4tzliche Informationen und vergr\u00f6sserte Darstellung bitte das gew\u00fcnschte Bild anklicken. zur Video Galerie<\/p>","protected":false},"author":3,"featured_media":0,"parent":0,"menu_order":0,"comment_status":"closed","ping_status":"closed","template":"","meta":{"footnotes":""},"class_list":["post-8296","page","type-page","status-publish","hentry"],"yoast_head":"<!-- This site is optimized with the Yoast SEO plugin v27.5 - https:\/\/yoast.com\/product\/yoast-seo-wordpress\/ -->\n<title>Photo gallery - DLM - MODERN STEAM<\/title>\n<meta name=\"robots\" content=\"index, follow, max-snippet:-1, max-image-preview:large, max-video-preview:-1\" \/>\n<link rel=\"canonical\" href=\"https:\/\/dlm-ag.ch\/en\/photo-gallery\/\" \/>\n<meta property=\"og:locale\" content=\"en_GB\" \/>\n<meta property=\"og:type\" content=\"article\" \/>\n<meta property=\"og:title\" content=\"Photo gallery - DLM - MODERN STEAM\" \/>\n<meta property=\"og:description\" content=\"Willkommen bei der FotoGalerie Die Bildergalerie zeigt ein Potpurri von Betriebsaufnahmen unserer modernen Dampflokomotiven, Dampfschiffen und Dampfmaschinen. F\u00fcr zus\u00e4tzliche Informationen und vergr\u00f6sserte Darstellung bitte das gew\u00fcnschte Bild anklicken. zur Video Galerie\" \/>\n<meta property=\"og:url\" content=\"https:\/\/dlm-ag.ch\/en\/photo-gallery\/\" \/>\n<meta property=\"og:site_name\" content=\"DLM - MODERN STEAM\" \/>\n<meta property=\"article:modified_time\" content=\"2025-10-27T14:02:38+00:00\" \/>\n<meta name=\"twitter:card\" content=\"summary_large_image\" \/>\n<meta name=\"twitter:label1\" content=\"Estimated reading time\" \/>\n\t<meta name=\"twitter:data1\" content=\"20 minutes\" \/>\n<script type=\"application\/ld+json\" class=\"yoast-schema-graph\">{\"@context\":\"https:\\\/\\\/schema.org\",\"@graph\":[{\"@type\":\"WebPage\",\"@id\":\"https:\\\/\\\/dlm-ag.ch\\\/photo-gallery\\\/\",\"url\":\"https:\\\/\\\/dlm-ag.ch\\\/photo-gallery\\\/\",\"name\":\"Photo gallery - DLM - MODERN STEAM\",\"isPartOf\":{\"@id\":\"https:\\\/\\\/dlm-ag.ch\\\/#website\"},\"datePublished\":\"2020-04-14T03:48:40+00:00\",\"dateModified\":\"2025-10-27T14:02:38+00:00\",\"breadcrumb\":{\"@id\":\"https:\\\/\\\/dlm-ag.ch\\\/photo-gallery\\\/#breadcrumb\"},\"inLanguage\":\"en-GB\",\"potentialAction\":[{\"@type\":\"ReadAction\",\"target\":[\"https:\\\/\\\/dlm-ag.ch\\\/photo-gallery\\\/\"]}]},{\"@type\":\"BreadcrumbList\",\"@id\":\"https:\\\/\\\/dlm-ag.ch\\\/photo-gallery\\\/#breadcrumb\",\"itemListElement\":[{\"@type\":\"ListItem\",\"position\":1,\"name\":\"Home\",\"item\":\"https:\\\/\\\/dlm-ag.ch\\\/\"},{\"@type\":\"ListItem\",\"position\":2,\"name\":\"Photo gallery\"}]},{\"@type\":\"WebSite\",\"@id\":\"https:\\\/\\\/dlm-ag.ch\\\/#website\",\"url\":\"https:\\\/\\\/dlm-ag.ch\\\/\",\"name\":\"DLM - MODERN STEAM\",\"description\":\"AN ECONOMIC AND ENVIRONMENTAL ALTERNATIVE TO DIESEL TRACTION\",\"publisher\":{\"@id\":\"https:\\\/\\\/dlm-ag.ch\\\/#organization\"},\"potentialAction\":[{\"@type\":\"SearchAction\",\"target\":{\"@type\":\"EntryPoint\",\"urlTemplate\":\"https:\\\/\\\/dlm-ag.ch\\\/?s={search_term_string}\"},\"query-input\":{\"@type\":\"PropertyValueSpecification\",\"valueRequired\":true,\"valueName\":\"search_term_string\"}}],\"inLanguage\":\"en-GB\"},{\"@type\":\"Organization\",\"@id\":\"https:\\\/\\\/dlm-ag.ch\\\/#organization\",\"name\":\"DLM AG\",\"url\":\"https:\\\/\\\/dlm-ag.ch\\\/\",\"logo\":{\"@type\":\"ImageObject\",\"inLanguage\":\"en-GB\",\"@id\":\"https:\\\/\\\/dlm-ag.ch\\\/#\\\/schema\\\/logo\\\/image\\\/\",\"url\":\"https:\\\/\\\/dlm-ag.ch\\\/wp-content\\\/uploads\\\/2020\\\/03\\\/DLM_ID_V3_Logo_Landscape_Light_800.png\",\"contentUrl\":\"https:\\\/\\\/dlm-ag.ch\\\/wp-content\\\/uploads\\\/2020\\\/03\\\/DLM_ID_V3_Logo_Landscape_Light_800.png\",\"width\":800,\"height\":241,\"caption\":\"DLM AG\"},\"image\":{\"@id\":\"https:\\\/\\\/dlm-ag.ch\\\/#\\\/schema\\\/logo\\\/image\\\/\"},\"sameAs\":[\"https:\\\/\\\/de.wikipedia.org\\\/wiki\\\/Dampflokomotiv-_und_Maschinenfabrik_DLM\"]}]}<\/script>\n<!-- \/ Yoast SEO plugin. -->","yoast_head_json":{"title":"Photo gallery - DLM - MODERN STEAM","robots":{"index":"index","follow":"follow","max-snippet":"max-snippet:-1","max-image-preview":"max-image-preview:large","max-video-preview":"max-video-preview:-1"},"canonical":"https:\/\/dlm-ag.ch\/en\/photo-gallery\/","og_locale":"en_GB","og_type":"article","og_title":"Photo gallery - DLM - MODERN STEAM","og_description":"Willkommen bei der FotoGalerie Die Bildergalerie zeigt ein Potpurri von Betriebsaufnahmen unserer modernen Dampflokomotiven, Dampfschiffen und Dampfmaschinen. F\u00fcr zus\u00e4tzliche Informationen und vergr\u00f6sserte Darstellung bitte das gew\u00fcnschte Bild anklicken. zur Video Galerie","og_url":"https:\/\/dlm-ag.ch\/en\/photo-gallery\/","og_site_name":"DLM - MODERN STEAM","article_modified_time":"2025-10-27T14:02:38+00:00","twitter_card":"summary_large_image","twitter_misc":{"Estimated reading time":"20 minutes"},"schema":{"@context":"https:\/\/schema.org","@graph":[{"@type":"WebPage","@id":"https:\/\/dlm-ag.ch\/photo-gallery\/","url":"https:\/\/dlm-ag.ch\/photo-gallery\/","name":"Photo gallery - DLM - MODERN STEAM","isPartOf":{"@id":"https:\/\/dlm-ag.ch\/#website"},"datePublished":"2020-04-14T03:48:40+00:00","dateModified":"2025-10-27T14:02:38+00:00","breadcrumb":{"@id":"https:\/\/dlm-ag.ch\/photo-gallery\/#breadcrumb"},"inLanguage":"en-GB","potentialAction":[{"@type":"ReadAction","target":["https:\/\/dlm-ag.ch\/photo-gallery\/"]}]},{"@type":"BreadcrumbList","@id":"https:\/\/dlm-ag.ch\/photo-gallery\/#breadcrumb","itemListElement":[{"@type":"ListItem","position":1,"name":"Home","item":"https:\/\/dlm-ag.ch\/"},{"@type":"ListItem","position":2,"name":"Photo gallery"}]},{"@type":"WebSite","@id":"https:\/\/dlm-ag.ch\/#website","url":"https:\/\/dlm-ag.ch\/","name":"DLM - MODERN STEAM","description":"AN ECONOMIC AND ENVIRONMENTAL ALTERNATIVE TO DIESEL TRACTION","publisher":{"@id":"https:\/\/dlm-ag.ch\/#organization"},"potentialAction":[{"@type":"SearchAction","target":{"@type":"EntryPoint","urlTemplate":"https:\/\/dlm-ag.ch\/?s={search_term_string}"},"query-input":{"@type":"PropertyValueSpecification","valueRequired":true,"valueName":"search_term_string"}}],"inLanguage":"en-GB"},{"@type":"Organization","@id":"https:\/\/dlm-ag.ch\/#organization","name":"DLM AG","url":"https:\/\/dlm-ag.ch\/","logo":{"@type":"ImageObject","inLanguage":"en-GB","@id":"https:\/\/dlm-ag.ch\/#\/schema\/logo\/image\/","url":"https:\/\/dlm-ag.ch\/wp-content\/uploads\/2020\/03\/DLM_ID_V3_Logo_Landscape_Light_800.png","contentUrl":"https:\/\/dlm-ag.ch\/wp-content\/uploads\/2020\/03\/DLM_ID_V3_Logo_Landscape_Light_800.png","width":800,"height":241,"caption":"DLM AG"},"image":{"@id":"https:\/\/dlm-ag.ch\/#\/schema\/logo\/image\/"},"sameAs":["https:\/\/de.wikipedia.org\/wiki\/Dampflokomotiv-_und_Maschinenfabrik_DLM"]}]}},"_links":{"self":[{"href":"https:\/\/dlm-ag.ch\/en\/wp-json\/wp\/v2\/pages\/8296","targetHints":{"allow":["GET"]}}],"collection":[{"href":"https:\/\/dlm-ag.ch\/en\/wp-json\/wp\/v2\/pages"}],"about":[{"href":"https:\/\/dlm-ag.ch\/en\/wp-json\/wp\/v2\/types\/page"}],"author":[{"embeddable":true,"href":"https:\/\/dlm-ag.ch\/en\/wp-json\/wp\/v2\/users\/3"}],"replies":[{"embeddable":true,"href":"https:\/\/dlm-ag.ch\/en\/wp-json\/wp\/v2\/comments?post=8296"}],"version-history":[{"count":33,"href":"https:\/\/dlm-ag.ch\/en\/wp-json\/wp\/v2\/pages\/8296\/revisions"}],"predecessor-version":[{"id":10209,"href":"https:\/\/dlm-ag.ch\/en\/wp-json\/wp\/v2\/pages\/8296\/revisions\/10209"}],"wp:attachment":[{"href":"https:\/\/dlm-ag.ch\/en\/wp-json\/wp\/v2\/media?parent=8296"}],"curies":[{"name":"wp","href":"https:\/\/api.w.org\/{rel}","templated":true}]}}