{"id":8285,"date":"2020-04-14T03:46:25","date_gmt":"2020-04-14T03:46:25","guid":{"rendered":"https:\/\/wordpress.dlm-ag.ch\/?page_id=8285"},"modified":"2026-02-25T11:40:18","modified_gmt":"2026-02-25T09:40:18","slug":"cab-rides","status":"publish","type":"page","link":"https:\/\/dlm-ag.ch\/en\/cab-rides\/","title":{"rendered":"Cab rides"},"content":{"rendered":"<h2>\n\t\tCab Rides \n\t<\/h2>\n<h3>\n\t\tEXPERIENCE THE EXCITEMENT OF A CAB RIDE during an exclusive ride in the driver's cab of the modernised steam locomotive 52 8055\n\t<\/h3>\n\t\t\t\t<img loading=\"lazy\" decoding=\"async\" src=\"http:\/\/dlm-ag.ch\/wp-content\/uploads\/2020\/05\/52-8055-dlm_lokfhrer_olaf_schrlinger_ii_gross.jpg\" alt=\"Auf dem F\u00fchrerstand der 52-er undterwegs\" itemprop=\"image\" height=\"512\" width=\"768\" title=\"52 8055 dlm_lokfhrer_olaf_schrlinger_ii_gross\" onerror=\"this.style.display='none'\"  \/>\n\t<p>On all our public steam trains we offer the exclusive opportunity for cab rides. You can see driver and fireman at work and feel the power and speed of the steam locomotive. To give many passengers a chance to experience the thrill of a footplate ride, cab rides are done in sections of two station stops, usually lasting between 15 to 30 minutes. If you book early, you may choose your preferred section. Thanks to MODERN STEAM light oil firing, our cab is clean and there is no need for special clothing. For safety reasons it is not allowed to speak to driver and fireman whilst the train is in motion; however, a representative from DLM will give explanations and answer questions.<\/p>\n<p>Reservations are necessary. Vouchers can be ordered together with booking the cab ride by phone or mail to DLM.<\/p>","protected":false},"excerpt":{"rendered":"<p>F\u00fchrerstandsfahrten ERLEBEN SIE SPANNENDE MOMENTE BEI EINER exklusiven Mitfahrt im F\u00fchrerstand der modernisierten Dampflokomotive 52 8055 Bei allen \u00f6ffentlichen Dampffahrten mit unserer 52 8055 bieten wir den Mitreisenden die Gelegenheit zu exklusiven Mitfahrten im F\u00fchrerstand. Sie k\u00f6nnen so w\u00e4hrend der Fahrt die verantwortungsvollen T\u00e4tigkeiten von Lokomotivf\u00fchrer und Heizer direkt beobachten. Damit wir m\u00f6glichst vielen Fahrg\u00e4sten&hellip;<\/p>","protected":false},"author":3,"featured_media":0,"parent":0,"menu_order":0,"comment_status":"closed","ping_status":"closed","template":"","meta":{"footnotes":""},"class_list":["post-8285","page","type-page","status-publish","hentry"],"yoast_head":"<!-- This site is optimized with the Yoast SEO plugin v27.5 - https:\/\/yoast.com\/product\/yoast-seo-wordpress\/ -->\n<title>Cab rides - DLM - MODERN STEAM<\/title>\n<meta name=\"robots\" content=\"index, follow, max-snippet:-1, max-image-preview:large, max-video-preview:-1\" \/>\n<link rel=\"canonical\" href=\"https:\/\/dlm-ag.ch\/en\/cab-rides\/\" \/>\n<meta property=\"og:locale\" content=\"en_GB\" \/>\n<meta property=\"og:type\" content=\"article\" \/>\n<meta property=\"og:title\" content=\"Cab rides - DLM - MODERN STEAM\" \/>\n<meta property=\"og:description\" content=\"F\u00fchrerstandsfahrten ERLEBEN SIE SPANNENDE MOMENTE BEI EINER exklusiven Mitfahrt im F\u00fchrerstand der modernisierten Dampflokomotive 52 8055 Bei allen \u00f6ffentlichen Dampffahrten mit unserer 52 8055 bieten wir den Mitreisenden die Gelegenheit zu exklusiven Mitfahrten im F\u00fchrerstand. Sie k\u00f6nnen so w\u00e4hrend der Fahrt die verantwortungsvollen T\u00e4tigkeiten von Lokomotivf\u00fchrer und Heizer direkt beobachten. Damit wir m\u00f6glichst vielen Fahrg\u00e4sten&hellip;\" \/>\n<meta property=\"og:url\" content=\"https:\/\/dlm-ag.ch\/en\/cab-rides\/\" \/>\n<meta property=\"og:site_name\" content=\"DLM - MODERN STEAM\" \/>\n<meta property=\"article:modified_time\" content=\"2026-02-25T09:40:18+00:00\" \/>\n<meta property=\"og:image\" content=\"http:\/\/dlm-ag.ch\/wp-content\/uploads\/2020\/05\/52-8055-dlm_lokfhrer_olaf_schrlinger_ii_gross.jpg\" \/>\n<meta name=\"twitter:card\" content=\"summary_large_image\" \/>\n<meta name=\"twitter:label1\" content=\"Estimated reading time\" \/>\n\t<meta name=\"twitter:data1\" content=\"2 minutes\" \/>\n<script type=\"application\/ld+json\" class=\"yoast-schema-graph\">{\"@context\":\"https:\\\/\\\/schema.org\",\"@graph\":[{\"@type\":\"WebPage\",\"@id\":\"https:\\\/\\\/dlm-ag.ch\\\/cab-rides\\\/\",\"url\":\"https:\\\/\\\/dlm-ag.ch\\\/cab-rides\\\/\",\"name\":\"Cab rides - DLM - MODERN STEAM\",\"isPartOf\":{\"@id\":\"https:\\\/\\\/dlm-ag.ch\\\/#website\"},\"primaryImageOfPage\":{\"@id\":\"https:\\\/\\\/dlm-ag.ch\\\/cab-rides\\\/#primaryimage\"},\"image\":{\"@id\":\"https:\\\/\\\/dlm-ag.ch\\\/cab-rides\\\/#primaryimage\"},\"thumbnailUrl\":\"http:\\\/\\\/dlm-ag.ch\\\/wp-content\\\/uploads\\\/2020\\\/05\\\/52-8055-dlm_lokfhrer_olaf_schrlinger_ii_gross.jpg\",\"datePublished\":\"2020-04-14T03:46:25+00:00\",\"dateModified\":\"2026-02-25T09:40:18+00:00\",\"breadcrumb\":{\"@id\":\"https:\\\/\\\/dlm-ag.ch\\\/cab-rides\\\/#breadcrumb\"},\"inLanguage\":\"en-GB\",\"potentialAction\":[{\"@type\":\"ReadAction\",\"target\":[\"https:\\\/\\\/dlm-ag.ch\\\/cab-rides\\\/\"]}]},{\"@type\":\"ImageObject\",\"inLanguage\":\"en-GB\",\"@id\":\"https:\\\/\\\/dlm-ag.ch\\\/cab-rides\\\/#primaryimage\",\"url\":\"http:\\\/\\\/dlm-ag.ch\\\/wp-content\\\/uploads\\\/2020\\\/05\\\/52-8055-dlm_lokfhrer_olaf_schrlinger_ii_gross.jpg\",\"contentUrl\":\"http:\\\/\\\/dlm-ag.ch\\\/wp-content\\\/uploads\\\/2020\\\/05\\\/52-8055-dlm_lokfhrer_olaf_schrlinger_ii_gross.jpg\"},{\"@type\":\"BreadcrumbList\",\"@id\":\"https:\\\/\\\/dlm-ag.ch\\\/cab-rides\\\/#breadcrumb\",\"itemListElement\":[{\"@type\":\"ListItem\",\"position\":1,\"name\":\"Home\",\"item\":\"https:\\\/\\\/dlm-ag.ch\\\/\"},{\"@type\":\"ListItem\",\"position\":2,\"name\":\"Cab rides\"}]},{\"@type\":\"WebSite\",\"@id\":\"https:\\\/\\\/dlm-ag.ch\\\/#website\",\"url\":\"https:\\\/\\\/dlm-ag.ch\\\/\",\"name\":\"DLM - MODERN STEAM\",\"description\":\"AN ECONOMIC AND ENVIRONMENTAL ALTERNATIVE TO DIESEL TRACTION\",\"publisher\":{\"@id\":\"https:\\\/\\\/dlm-ag.ch\\\/#organization\"},\"potentialAction\":[{\"@type\":\"SearchAction\",\"target\":{\"@type\":\"EntryPoint\",\"urlTemplate\":\"https:\\\/\\\/dlm-ag.ch\\\/?s={search_term_string}\"},\"query-input\":{\"@type\":\"PropertyValueSpecification\",\"valueRequired\":true,\"valueName\":\"search_term_string\"}}],\"inLanguage\":\"en-GB\"},{\"@type\":\"Organization\",\"@id\":\"https:\\\/\\\/dlm-ag.ch\\\/#organization\",\"name\":\"DLM AG\",\"url\":\"https:\\\/\\\/dlm-ag.ch\\\/\",\"logo\":{\"@type\":\"ImageObject\",\"inLanguage\":\"en-GB\",\"@id\":\"https:\\\/\\\/dlm-ag.ch\\\/#\\\/schema\\\/logo\\\/image\\\/\",\"url\":\"https:\\\/\\\/dlm-ag.ch\\\/wp-content\\\/uploads\\\/2020\\\/03\\\/DLM_ID_V3_Logo_Landscape_Light_800.png\",\"contentUrl\":\"https:\\\/\\\/dlm-ag.ch\\\/wp-content\\\/uploads\\\/2020\\\/03\\\/DLM_ID_V3_Logo_Landscape_Light_800.png\",\"width\":800,\"height\":241,\"caption\":\"DLM AG\"},\"image\":{\"@id\":\"https:\\\/\\\/dlm-ag.ch\\\/#\\\/schema\\\/logo\\\/image\\\/\"},\"sameAs\":[\"https:\\\/\\\/de.wikipedia.org\\\/wiki\\\/Dampflokomotiv-_und_Maschinenfabrik_DLM\"]}]}<\/script>\n<!-- \/ Yoast SEO plugin. -->","yoast_head_json":{"title":"Cab rides - DLM - MODERN STEAM","robots":{"index":"index","follow":"follow","max-snippet":"max-snippet:-1","max-image-preview":"max-image-preview:large","max-video-preview":"max-video-preview:-1"},"canonical":"https:\/\/dlm-ag.ch\/en\/cab-rides\/","og_locale":"en_GB","og_type":"article","og_title":"Cab rides - DLM - MODERN STEAM","og_description":"F\u00fchrerstandsfahrten ERLEBEN SIE SPANNENDE MOMENTE BEI EINER exklusiven Mitfahrt im F\u00fchrerstand der modernisierten Dampflokomotive 52 8055 Bei allen \u00f6ffentlichen Dampffahrten mit unserer 52 8055 bieten wir den Mitreisenden die Gelegenheit zu exklusiven Mitfahrten im F\u00fchrerstand. Sie k\u00f6nnen so w\u00e4hrend der Fahrt die verantwortungsvollen T\u00e4tigkeiten von Lokomotivf\u00fchrer und Heizer direkt beobachten. Damit wir m\u00f6glichst vielen Fahrg\u00e4sten&hellip;","og_url":"https:\/\/dlm-ag.ch\/en\/cab-rides\/","og_site_name":"DLM - MODERN STEAM","article_modified_time":"2026-02-25T09:40:18+00:00","og_image":[{"url":"http:\/\/dlm-ag.ch\/wp-content\/uploads\/2020\/05\/52-8055-dlm_lokfhrer_olaf_schrlinger_ii_gross.jpg","type":"","width":"","height":""}],"twitter_card":"summary_large_image","twitter_misc":{"Estimated reading time":"2 minutes"},"schema":{"@context":"https:\/\/schema.org","@graph":[{"@type":"WebPage","@id":"https:\/\/dlm-ag.ch\/cab-rides\/","url":"https:\/\/dlm-ag.ch\/cab-rides\/","name":"Cab rides - DLM - MODERN STEAM","isPartOf":{"@id":"https:\/\/dlm-ag.ch\/#website"},"primaryImageOfPage":{"@id":"https:\/\/dlm-ag.ch\/cab-rides\/#primaryimage"},"image":{"@id":"https:\/\/dlm-ag.ch\/cab-rides\/#primaryimage"},"thumbnailUrl":"http:\/\/dlm-ag.ch\/wp-content\/uploads\/2020\/05\/52-8055-dlm_lokfhrer_olaf_schrlinger_ii_gross.jpg","datePublished":"2020-04-14T03:46:25+00:00","dateModified":"2026-02-25T09:40:18+00:00","breadcrumb":{"@id":"https:\/\/dlm-ag.ch\/cab-rides\/#breadcrumb"},"inLanguage":"en-GB","potentialAction":[{"@type":"ReadAction","target":["https:\/\/dlm-ag.ch\/cab-rides\/"]}]},{"@type":"ImageObject","inLanguage":"en-GB","@id":"https:\/\/dlm-ag.ch\/cab-rides\/#primaryimage","url":"http:\/\/dlm-ag.ch\/wp-content\/uploads\/2020\/05\/52-8055-dlm_lokfhrer_olaf_schrlinger_ii_gross.jpg","contentUrl":"http:\/\/dlm-ag.ch\/wp-content\/uploads\/2020\/05\/52-8055-dlm_lokfhrer_olaf_schrlinger_ii_gross.jpg"},{"@type":"BreadcrumbList","@id":"https:\/\/dlm-ag.ch\/cab-rides\/#breadcrumb","itemListElement":[{"@type":"ListItem","position":1,"name":"Home","item":"https:\/\/dlm-ag.ch\/"},{"@type":"ListItem","position":2,"name":"Cab rides"}]},{"@type":"WebSite","@id":"https:\/\/dlm-ag.ch\/#website","url":"https:\/\/dlm-ag.ch\/","name":"DLM - MODERN STEAM","description":"AN ECONOMIC AND ENVIRONMENTAL ALTERNATIVE TO DIESEL TRACTION","publisher":{"@id":"https:\/\/dlm-ag.ch\/#organization"},"potentialAction":[{"@type":"SearchAction","target":{"@type":"EntryPoint","urlTemplate":"https:\/\/dlm-ag.ch\/?s={search_term_string}"},"query-input":{"@type":"PropertyValueSpecification","valueRequired":true,"valueName":"search_term_string"}}],"inLanguage":"en-GB"},{"@type":"Organization","@id":"https:\/\/dlm-ag.ch\/#organization","name":"DLM AG","url":"https:\/\/dlm-ag.ch\/","logo":{"@type":"ImageObject","inLanguage":"en-GB","@id":"https:\/\/dlm-ag.ch\/#\/schema\/logo\/image\/","url":"https:\/\/dlm-ag.ch\/wp-content\/uploads\/2020\/03\/DLM_ID_V3_Logo_Landscape_Light_800.png","contentUrl":"https:\/\/dlm-ag.ch\/wp-content\/uploads\/2020\/03\/DLM_ID_V3_Logo_Landscape_Light_800.png","width":800,"height":241,"caption":"DLM AG"},"image":{"@id":"https:\/\/dlm-ag.ch\/#\/schema\/logo\/image\/"},"sameAs":["https:\/\/de.wikipedia.org\/wiki\/Dampflokomotiv-_und_Maschinenfabrik_DLM"]}]}},"_links":{"self":[{"href":"https:\/\/dlm-ag.ch\/en\/wp-json\/wp\/v2\/pages\/8285","targetHints":{"allow":["GET"]}}],"collection":[{"href":"https:\/\/dlm-ag.ch\/en\/wp-json\/wp\/v2\/pages"}],"about":[{"href":"https:\/\/dlm-ag.ch\/en\/wp-json\/wp\/v2\/types\/page"}],"author":[{"embeddable":true,"href":"https:\/\/dlm-ag.ch\/en\/wp-json\/wp\/v2\/users\/3"}],"replies":[{"embeddable":true,"href":"https:\/\/dlm-ag.ch\/en\/wp-json\/wp\/v2\/comments?post=8285"}],"version-history":[{"count":10,"href":"https:\/\/dlm-ag.ch\/en\/wp-json\/wp\/v2\/pages\/8285\/revisions"}],"predecessor-version":[{"id":9489,"href":"https:\/\/dlm-ag.ch\/en\/wp-json\/wp\/v2\/pages\/8285\/revisions\/9489"}],"wp:attachment":[{"href":"https:\/\/dlm-ag.ch\/en\/wp-json\/wp\/v2\/media?parent=8285"}],"curies":[{"name":"wp","href":"https:\/\/api.w.org\/{rel}","templated":true}]}}