{"id":7847,"date":"2020-03-18T02:55:18","date_gmt":"2020-03-18T02:55:18","guid":{"rendered":"https:\/\/wordpress.dlm-ag.ch\/?page_id=7847"},"modified":"2020-09-02T22:05:32","modified_gmt":"2020-09-02T20:05:32","slug":"about","status":"publish","type":"page","link":"https:\/\/dlm-ag.ch\/en\/about\/","title":{"rendered":"About"},"content":{"rendered":"<img loading=\"lazy\" decoding=\"async\" src=\"http:\/\/dlm-ag.ch\/wp-content\/uploads\/2020\/03\/DLM_ID_V3_Logo_Landscape_Light_600-300x91.png\" alt=\"__DLM_ID_V3_Logo_Landscape_Light_600\" itemprop=\"image\" height=\"91\" width=\"300\" title=\"__DLM_ID_V3_Logo_Landscape_Light_600\" onerror=\"this.style.display='none'\"  \/>\n<h3>\n\t\tWie die Dampflokomotiv- und Maschinenfabrik DLM AG entstanden ist &#8211; ein kurzes Firmenportrait\n\t<\/h3>\n\t<p>Die DLM AG hat ihren Ursprung in der ehemaligen Schweizerischen Lokomotiv- und Maschinenfabrik SLM in Winterthur. Als 1998 das Engineering der SLM an Adtranz verkauft und die Werkstatt in Sulzer Winpro umbenannt wurde, war ein baldiges Ende der traditionsreichen SLM absehbar. Das Dampfteam der SLM entschloss sich unter der Leitung von Dipl. Ing. ETH Roger Waller zu einem Management-Buyout (MBO) und gr\u00fcndete Mitte 2000 die Dampflokomotiv- und Maschinenfabrik DLM AG mit einem Aktienkapital von 650&#8217;000.- CHF. Selbstverst\u00e4ndlich wollten wir eigentlich den weltbekannten Namen SLM weiterf\u00fchren, was Sulzer nicht erlaubte. Als Bedingung f\u00fcr den MBO verlangte Sulzer, dass wir uns einem Unternehmen anschliessen. Mit der auf Abgasreinigungsanlagen spezialisierten Firma Hug Engineering konnte ein geeigneter Partner gefunden werden. Daraus resultierte der anf\u00e4ngliche Standort der DLM in Weisslingen. Zeitgleich mit der Firmengr\u00fcndung konnte der erste substanzielle Auftrag eingeschrieben werden, die Revison und sanfte Modernisierung der HG 2\/3 Nr. 7 &#8222;Breithorn&#8220; der vormaligen Brig-Visp-Zermattbahn. F\u00fcr diese Arbeiten wurde eine kleine Werkstatt in Winterthur zugemietet. Sp\u00e4ter zogen beide Unternehmen nach R\u00e4terschen (Elsau). Im Juli 2006 endete die gemeinsame Zeit mit Hug Engineering. Weil die Abgasreinigungsanlagen nun vorgeschrieben wurden, boomte der Verkauf von Russfiltern und Katalysatoren. Das Dampfteam erwarb den Aktienanteil der Firma Hug Engineering und zog nach Winterthur. In Schaffhausen konnte zudem das von den SBB nicht mehr ben\u00f6tigte Lokomotivdepot und die Wagenhalle gemietet werden.<\/p>\n<p>Mitte 2020 feierte die DLM ihr 20-j\u00e4hriges Jubil\u00e4um. Die geplante Jubil\u00e4ums-Dampffahrt mit der 52 8055 nach Chur und weiter mit der Dampflok &#8222;Heidi&#8220; fiel dem Corona-Virus zum Opfer.<\/p>\n\t\t\t\t<img loading=\"lazy\" decoding=\"async\" src=\"http:\/\/dlm-ag.ch\/wp-content\/uploads\/2020\/03\/DLM_Web_Stuff_V2_-300x300.png\" alt=\"DLM_Web_Stuff_V2_\" itemprop=\"image\" height=\"300\" width=\"300\" title=\"DLM_Web_Stuff_V2_\" onerror=\"this.style.display='none'\"  \/>\n<h2>\n\t\tDipl. Masch.-Ing. ETH Roger Waller\n\t<\/h2>\n<h3>\n\t\tan engineerS PASSION FOR STEAM LOCOMOTIVES BECOMES A REALITY\n\t<\/h3>\n\t<p>New steam locomotives, just like other vehicles, are calculated by a team of engineers, designed by a team of designers and draughtsmen and then built by a workshop team. Nevertheless, someone is needed to manage and coordinate this work.<\/p>\n<p>Als Roger Waller 1984 nach seiner R\u00fcckkehr aus S\u00fcdafrika der SLM vorschlug, neue Dampflokomotiven zu bauen, wurde er von einigen Wenigen unterst\u00fctzt, aber von Vielen bel\u00e4chelt. &#8222;Meinen Sie das ernst?&#8220; z\u00e4hlte zu den diplomatischeren Kommentaren. Die Dampftechnik war als veraltet und unzeitgem\u00e4ss abgeschrieben. Wie es dazu kam, dass dann trotzdem neue, moderne Dampflokomotiven entstanden sind, ist den beiden folgenden Artikeln zu entnehmen:<\/p>\n<p>1) Roger Waller, Fachmann f\u00fcr moderne Dampftraktion.<\/p>\n<p>Artikel von Christian Zellweger, Auszug aus dem Buch: &#8222;Das Erbe des Dampfzeitalters, A 3\/5, Tigerli und Elefant&#8220;<\/p>\n<p>ISBN 3-909111-09-2, AS Verlag &#038; Buchkonzept AG, Z\u00fcrich 2004<\/p>\n\t\t\t<a href=\"http:\/\/dlm-ag.ch\/en\/2020-09-02_portrait_roger_zellweger\/\" target=\"_blank\" role=\"button\" rel=\"noopener noreferrer\">\n\t\t\t\t\t\tRoger Waller, Fachmann f\u00fcr moderne Dampftraktion\n\t\t\t\t\t<\/a>\n\t\t\t<a href=\"http:\/\/dlm-ag.ch\/en\/lebenslauf_2020_roger-waller_2020-09-02\/\" target=\"_blank\" role=\"button\" rel=\"noopener noreferrer\">\n\t\t\t\t\t\tKurze Biografie von Roger Waller\n\t\t\t\t\t<\/a>","protected":false},"excerpt":{"rendered":"<p>Wie die Dampflokomotiv- und Maschinenfabrik DLM AG entstanden ist &#8211; ein kurzes Firmenportrait Die DLM AG hat ihren Ursprung in der ehemaligen Schweizerischen Lokomotiv- und Maschinenfabrik SLM in Winterthur. Als 1998 das Engineering der SLM an Adtranz verkauft und die Werkstatt in Sulzer Winpro umbenannt wurde, war ein baldiges Ende der traditionsreichen SLM absehbar. Das&hellip;<\/p>","protected":false},"author":3,"featured_media":0,"parent":0,"menu_order":0,"comment_status":"closed","ping_status":"closed","template":"","meta":{"footnotes":""},"class_list":["post-7847","page","type-page","status-publish","hentry"],"yoast_head":"<!-- This site is optimized with the Yoast SEO plugin v27.4 - https:\/\/yoast.com\/product\/yoast-seo-wordpress\/ -->\n<title>About - DLM - MODERN STEAM<\/title>\n<meta name=\"robots\" content=\"index, follow, max-snippet:-1, max-image-preview:large, max-video-preview:-1\" \/>\n<link rel=\"canonical\" href=\"https:\/\/dlm-ag.ch\/en\/about\/\" \/>\n<meta property=\"og:locale\" content=\"en_GB\" \/>\n<meta property=\"og:type\" content=\"article\" \/>\n<meta property=\"og:title\" content=\"About - DLM - MODERN STEAM\" \/>\n<meta property=\"og:description\" content=\"Wie die Dampflokomotiv- und Maschinenfabrik DLM AG entstanden ist &#8211; ein kurzes Firmenportrait Die DLM AG hat ihren Ursprung in der ehemaligen Schweizerischen Lokomotiv- und Maschinenfabrik SLM in Winterthur. Als 1998 das Engineering der SLM an Adtranz verkauft und die Werkstatt in Sulzer Winpro umbenannt wurde, war ein baldiges Ende der traditionsreichen SLM absehbar. Das&hellip;\" \/>\n<meta property=\"og:url\" content=\"https:\/\/dlm-ag.ch\/en\/about\/\" \/>\n<meta property=\"og:site_name\" content=\"DLM - MODERN STEAM\" \/>\n<meta property=\"article:modified_time\" content=\"2020-09-02T20:05:32+00:00\" \/>\n<meta property=\"og:image\" content=\"http:\/\/dlm-ag.ch\/wp-content\/uploads\/2020\/03\/DLM_ID_V3_Logo_Landscape_Light_600-300x91.png\" \/>\n<meta name=\"twitter:card\" content=\"summary_large_image\" \/>\n<meta name=\"twitter:label1\" content=\"Estimated reading time\" \/>\n\t<meta name=\"twitter:data1\" content=\"2 minutes\" \/>\n<script type=\"application\/ld+json\" class=\"yoast-schema-graph\">{\"@context\":\"https:\\\/\\\/schema.org\",\"@graph\":[{\"@type\":\"WebPage\",\"@id\":\"https:\\\/\\\/dlm-ag.ch\\\/about\\\/\",\"url\":\"https:\\\/\\\/dlm-ag.ch\\\/about\\\/\",\"name\":\"About - DLM - MODERN STEAM\",\"isPartOf\":{\"@id\":\"https:\\\/\\\/dlm-ag.ch\\\/#website\"},\"primaryImageOfPage\":{\"@id\":\"https:\\\/\\\/dlm-ag.ch\\\/about\\\/#primaryimage\"},\"image\":{\"@id\":\"https:\\\/\\\/dlm-ag.ch\\\/about\\\/#primaryimage\"},\"thumbnailUrl\":\"http:\\\/\\\/dlm-ag.ch\\\/wp-content\\\/uploads\\\/2020\\\/03\\\/DLM_ID_V3_Logo_Landscape_Light_600-300x91.png\",\"datePublished\":\"2020-03-18T02:55:18+00:00\",\"dateModified\":\"2020-09-02T20:05:32+00:00\",\"breadcrumb\":{\"@id\":\"https:\\\/\\\/dlm-ag.ch\\\/about\\\/#breadcrumb\"},\"inLanguage\":\"en-GB\",\"potentialAction\":[{\"@type\":\"ReadAction\",\"target\":[\"https:\\\/\\\/dlm-ag.ch\\\/about\\\/\"]}]},{\"@type\":\"ImageObject\",\"inLanguage\":\"en-GB\",\"@id\":\"https:\\\/\\\/dlm-ag.ch\\\/about\\\/#primaryimage\",\"url\":\"http:\\\/\\\/dlm-ag.ch\\\/wp-content\\\/uploads\\\/2020\\\/03\\\/DLM_ID_V3_Logo_Landscape_Light_600-300x91.png\",\"contentUrl\":\"http:\\\/\\\/dlm-ag.ch\\\/wp-content\\\/uploads\\\/2020\\\/03\\\/DLM_ID_V3_Logo_Landscape_Light_600-300x91.png\"},{\"@type\":\"BreadcrumbList\",\"@id\":\"https:\\\/\\\/dlm-ag.ch\\\/about\\\/#breadcrumb\",\"itemListElement\":[{\"@type\":\"ListItem\",\"position\":1,\"name\":\"Home\",\"item\":\"https:\\\/\\\/dlm-ag.ch\\\/\"},{\"@type\":\"ListItem\",\"position\":2,\"name\":\"About\"}]},{\"@type\":\"WebSite\",\"@id\":\"https:\\\/\\\/dlm-ag.ch\\\/#website\",\"url\":\"https:\\\/\\\/dlm-ag.ch\\\/\",\"name\":\"DLM - MODERN STEAM\",\"description\":\"AN ECONOMIC AND ENVIRONMENTAL ALTERNATIVE TO DIESEL TRACTION\",\"publisher\":{\"@id\":\"https:\\\/\\\/dlm-ag.ch\\\/#organization\"},\"potentialAction\":[{\"@type\":\"SearchAction\",\"target\":{\"@type\":\"EntryPoint\",\"urlTemplate\":\"https:\\\/\\\/dlm-ag.ch\\\/?s={search_term_string}\"},\"query-input\":{\"@type\":\"PropertyValueSpecification\",\"valueRequired\":true,\"valueName\":\"search_term_string\"}}],\"inLanguage\":\"en-GB\"},{\"@type\":\"Organization\",\"@id\":\"https:\\\/\\\/dlm-ag.ch\\\/#organization\",\"name\":\"DLM AG\",\"url\":\"https:\\\/\\\/dlm-ag.ch\\\/\",\"logo\":{\"@type\":\"ImageObject\",\"inLanguage\":\"en-GB\",\"@id\":\"https:\\\/\\\/dlm-ag.ch\\\/#\\\/schema\\\/logo\\\/image\\\/\",\"url\":\"https:\\\/\\\/dlm-ag.ch\\\/wp-content\\\/uploads\\\/2020\\\/03\\\/DLM_ID_V3_Logo_Landscape_Light_800.png\",\"contentUrl\":\"https:\\\/\\\/dlm-ag.ch\\\/wp-content\\\/uploads\\\/2020\\\/03\\\/DLM_ID_V3_Logo_Landscape_Light_800.png\",\"width\":800,\"height\":241,\"caption\":\"DLM AG\"},\"image\":{\"@id\":\"https:\\\/\\\/dlm-ag.ch\\\/#\\\/schema\\\/logo\\\/image\\\/\"},\"sameAs\":[\"https:\\\/\\\/de.wikipedia.org\\\/wiki\\\/Dampflokomotiv-_und_Maschinenfabrik_DLM\"]}]}<\/script>\n<!-- \/ Yoast SEO plugin. -->","yoast_head_json":{"title":"About - DLM - MODERN STEAM","robots":{"index":"index","follow":"follow","max-snippet":"max-snippet:-1","max-image-preview":"max-image-preview:large","max-video-preview":"max-video-preview:-1"},"canonical":"https:\/\/dlm-ag.ch\/en\/about\/","og_locale":"en_GB","og_type":"article","og_title":"About - DLM - MODERN STEAM","og_description":"Wie die Dampflokomotiv- und Maschinenfabrik DLM AG entstanden ist &#8211; ein kurzes Firmenportrait Die DLM AG hat ihren Ursprung in der ehemaligen Schweizerischen Lokomotiv- und Maschinenfabrik SLM in Winterthur. Als 1998 das Engineering der SLM an Adtranz verkauft und die Werkstatt in Sulzer Winpro umbenannt wurde, war ein baldiges Ende der traditionsreichen SLM absehbar. Das&hellip;","og_url":"https:\/\/dlm-ag.ch\/en\/about\/","og_site_name":"DLM - MODERN STEAM","article_modified_time":"2020-09-02T20:05:32+00:00","og_image":[{"url":"http:\/\/dlm-ag.ch\/wp-content\/uploads\/2020\/03\/DLM_ID_V3_Logo_Landscape_Light_600-300x91.png","type":"","width":"","height":""}],"twitter_card":"summary_large_image","twitter_misc":{"Estimated reading time":"2 minutes"},"schema":{"@context":"https:\/\/schema.org","@graph":[{"@type":"WebPage","@id":"https:\/\/dlm-ag.ch\/about\/","url":"https:\/\/dlm-ag.ch\/about\/","name":"About - DLM - MODERN STEAM","isPartOf":{"@id":"https:\/\/dlm-ag.ch\/#website"},"primaryImageOfPage":{"@id":"https:\/\/dlm-ag.ch\/about\/#primaryimage"},"image":{"@id":"https:\/\/dlm-ag.ch\/about\/#primaryimage"},"thumbnailUrl":"http:\/\/dlm-ag.ch\/wp-content\/uploads\/2020\/03\/DLM_ID_V3_Logo_Landscape_Light_600-300x91.png","datePublished":"2020-03-18T02:55:18+00:00","dateModified":"2020-09-02T20:05:32+00:00","breadcrumb":{"@id":"https:\/\/dlm-ag.ch\/about\/#breadcrumb"},"inLanguage":"en-GB","potentialAction":[{"@type":"ReadAction","target":["https:\/\/dlm-ag.ch\/about\/"]}]},{"@type":"ImageObject","inLanguage":"en-GB","@id":"https:\/\/dlm-ag.ch\/about\/#primaryimage","url":"http:\/\/dlm-ag.ch\/wp-content\/uploads\/2020\/03\/DLM_ID_V3_Logo_Landscape_Light_600-300x91.png","contentUrl":"http:\/\/dlm-ag.ch\/wp-content\/uploads\/2020\/03\/DLM_ID_V3_Logo_Landscape_Light_600-300x91.png"},{"@type":"BreadcrumbList","@id":"https:\/\/dlm-ag.ch\/about\/#breadcrumb","itemListElement":[{"@type":"ListItem","position":1,"name":"Home","item":"https:\/\/dlm-ag.ch\/"},{"@type":"ListItem","position":2,"name":"About"}]},{"@type":"WebSite","@id":"https:\/\/dlm-ag.ch\/#website","url":"https:\/\/dlm-ag.ch\/","name":"DLM - MODERN STEAM","description":"AN ECONOMIC AND ENVIRONMENTAL ALTERNATIVE TO DIESEL TRACTION","publisher":{"@id":"https:\/\/dlm-ag.ch\/#organization"},"potentialAction":[{"@type":"SearchAction","target":{"@type":"EntryPoint","urlTemplate":"https:\/\/dlm-ag.ch\/?s={search_term_string}"},"query-input":{"@type":"PropertyValueSpecification","valueRequired":true,"valueName":"search_term_string"}}],"inLanguage":"en-GB"},{"@type":"Organization","@id":"https:\/\/dlm-ag.ch\/#organization","name":"DLM AG","url":"https:\/\/dlm-ag.ch\/","logo":{"@type":"ImageObject","inLanguage":"en-GB","@id":"https:\/\/dlm-ag.ch\/#\/schema\/logo\/image\/","url":"https:\/\/dlm-ag.ch\/wp-content\/uploads\/2020\/03\/DLM_ID_V3_Logo_Landscape_Light_800.png","contentUrl":"https:\/\/dlm-ag.ch\/wp-content\/uploads\/2020\/03\/DLM_ID_V3_Logo_Landscape_Light_800.png","width":800,"height":241,"caption":"DLM AG"},"image":{"@id":"https:\/\/dlm-ag.ch\/#\/schema\/logo\/image\/"},"sameAs":["https:\/\/de.wikipedia.org\/wiki\/Dampflokomotiv-_und_Maschinenfabrik_DLM"]}]}},"_links":{"self":[{"href":"https:\/\/dlm-ag.ch\/en\/wp-json\/wp\/v2\/pages\/7847","targetHints":{"allow":["GET"]}}],"collection":[{"href":"https:\/\/dlm-ag.ch\/en\/wp-json\/wp\/v2\/pages"}],"about":[{"href":"https:\/\/dlm-ag.ch\/en\/wp-json\/wp\/v2\/types\/page"}],"author":[{"embeddable":true,"href":"https:\/\/dlm-ag.ch\/en\/wp-json\/wp\/v2\/users\/3"}],"replies":[{"embeddable":true,"href":"https:\/\/dlm-ag.ch\/en\/wp-json\/wp\/v2\/comments?post=7847"}],"version-history":[{"count":36,"href":"https:\/\/dlm-ag.ch\/en\/wp-json\/wp\/v2\/pages\/7847\/revisions"}],"predecessor-version":[{"id":9692,"href":"https:\/\/dlm-ag.ch\/en\/wp-json\/wp\/v2\/pages\/7847\/revisions\/9692"}],"wp:attachment":[{"href":"https:\/\/dlm-ag.ch\/en\/wp-json\/wp\/v2\/media?parent=7847"}],"curies":[{"name":"wp","href":"https:\/\/api.w.org\/{rel}","templated":true}]}}